{"id":1079,"date":"2023-11-04T12:00:13","date_gmt":"2023-11-04T11:00:13","guid":{"rendered":"http:\/\/www.spindler-berlin.de\/?page_id=1079"},"modified":"2026-03-20T15:37:36","modified_gmt":"2026-03-20T14:37:36","slug":"gruppen","status":"publish","type":"page","link":"https:\/\/spindler-berlin.net\/en\/spindler\/gruppen\/","title":{"rendered":"* Groups"},"content":{"rendered":"<div data-elementor-type=\"wp-page\" data-elementor-id=\"1079\" class=\"elementor elementor-1079\">\n\t\t\t\t\t\t<section class=\"elementor-section elementor-top-section elementor-element elementor-element-9193216 elementor-section-full_width elementor-section-height-min-height elementor-section-height-default elementor-section-items-middle\" data-id=\"9193216\" data-element_type=\"section\" data-settings=\"{&quot;background_background&quot;:&quot;classic&quot;}\">\n\t\t\t\t\t\t<div class=\"elementor-container elementor-column-gap-default\">\n\t\t\t\t\t<div class=\"elementor-column elementor-col-100 elementor-top-column elementor-element elementor-element-6ae5fc1\" data-id=\"6ae5fc1\" data-element_type=\"column\">\n\t\t\t<div class=\"elementor-widget-wrap\">\n\t\t\t\t\t\t\t<\/div>\n\t\t<\/div>\n\t\t\t\t\t<\/div>\n\t\t<\/section>\n\t\t\t\t<section class=\"elementor-section elementor-top-section elementor-element elementor-element-6835aac elementor-section-boxed elementor-section-height-default elementor-section-height-default\" data-id=\"6835aac\" data-element_type=\"section\">\n\t\t\t\t\t\t<div class=\"elementor-container elementor-column-gap-default\">\n\t\t\t\t\t<div class=\"elementor-column elementor-col-100 elementor-top-column elementor-element elementor-element-2e9298f\" data-id=\"2e9298f\" data-element_type=\"column\">\n\t\t\t<div class=\"elementor-widget-wrap elementor-element-populated\">\n\t\t\t\t\t\t<div class=\"elementor-element elementor-element-d5db188 elementor-widget elementor-widget-text-editor\" data-id=\"d5db188\" data-element_type=\"widget\" data-widget_type=\"text-editor.default\">\n\t\t\t\t<div class=\"elementor-widget-container\">\n\t\t\t\t\t\t\t\t\t<p>Celebrate at <strong>SPINDLER<\/strong> - for large groups, corporate events, and special occasions. \u00a0<\/p><p>Whether it\u2019s a birthday, wedding, baby shower, anniversary, corporate event, or product launch - we offer the perfect setting. We plan personalized events tailored to your wishes, from the menu to the d\u00e9cor. Exclusive use of our rooms is possible, and in the summer, our garden is also available for larger groups.<\/p><p>Please feel free to contact us by email at<\/p><p><a href=\"mailto:event@spindler-berlin.com\">at: event@spindler-berlin.com<\/a><\/p><p>or by phone:<a href=\"tel:+493069598880\"> +49(0)30 695 988 80<\/a>\u00a0<\/p>\t\t\t\t\t\t\t\t<\/div>\n\t\t\t\t<\/div>\n\t\t\t\t<section class=\"elementor-section elementor-inner-section elementor-element elementor-element-2becf4c elementor-section-boxed elementor-section-height-default elementor-section-height-default\" data-id=\"2becf4c\" data-element_type=\"section\">\n\t\t\t\t\t\t<div class=\"elementor-container elementor-column-gap-default\">\n\t\t\t\t\t<div class=\"elementor-column elementor-col-50 elementor-inner-column elementor-element elementor-element-d17cefe\" data-id=\"d17cefe\" data-element_type=\"column\">\n\t\t\t<div class=\"elementor-widget-wrap elementor-element-populated\">\n\t\t\t\t\t\t<div class=\"elementor-element elementor-element-6e34f1d elementor-widget elementor-widget-text-editor\" data-id=\"6e34f1d\" data-element_type=\"widget\" data-widget_type=\"text-editor.default\">\n\t\t\t\t<div class=\"elementor-widget-container\">\n\t\t\t\t\t\t\t\t\t<p><strong>FR\u00dcHLING 2026<br \/><\/strong><\/p><p><span style=\"text-decoration: underline;\"><a href=\"http:\/\/spindler-berlin.net\/wp-content\/uploads\/2026\/03\/SPINDLER-Menus.pdf\" target=\"_blank\" rel=\"noopener\">Menus<\/a><\/span><\/p>\t\t\t\t\t\t\t\t<\/div>\n\t\t\t\t<\/div>\n\t\t\t\t<div class=\"elementor-element elementor-element-11d2d39 elementor-widget elementor-widget-text-editor\" data-id=\"11d2d39\" data-element_type=\"widget\" data-widget_type=\"text-editor.default\">\n\t\t\t\t<div class=\"elementor-widget-container\">\n\t\t\t\t\t\t\t\t\t<p><span style=\"text-decoration: underline;\"><strong><a href=\"http:\/\/spindler-berlin.net\/wp-content\/uploads\/2023\/10\/Tischplan-2023_07.pdf\" target=\"_blank\" rel=\"noopener\">SEATING PLAN<\/a><\/strong><\/span><\/p>\t\t\t\t\t\t\t\t<\/div>\n\t\t\t\t<\/div>\n\t\t\t\t\t<\/div>\n\t\t<\/div>\n\t\t\t\t<div class=\"elementor-column elementor-col-50 elementor-inner-column elementor-element elementor-element-4587a2e\" data-id=\"4587a2e\" data-element_type=\"column\">\n\t\t\t<div class=\"elementor-widget-wrap elementor-element-populated\">\n\t\t\t\t\t\t<div class=\"elementor-element elementor-element-1a93962 eael-contact-form-7-button-full-width elementor-widget elementor-widget-eael-contact-form-7\" data-id=\"1a93962\" data-element_type=\"widget\" data-widget_type=\"eael-contact-form-7.default\">\n\t\t\t\t<div class=\"elementor-widget-container\">\n\t\t\t\t\t<div class=\"eael-contact-form-7-wrapper\">\n                <div class=\"eael-contact-form eael-contact-form-7 eael-contact-form-1a93962 placeholder-show eael-contact-form-align-default\">\n<div class=\"wpcf7 no-js\" id=\"wpcf7-f1084-o1\" lang=\"de-DE\" dir=\"ltr\" data-wpcf7-id=\"1084\">\n<div class=\"screen-reader-response\"><p role=\"status\" aria-live=\"polite\" aria-atomic=\"true\"><\/p> <ul><\/ul><\/div>\n<form action=\"\/en\/wp-json\/wp\/v2\/pages\/1079#wpcf7-f1084-o1\" method=\"post\" class=\"wpcf7-form init\" aria-label=\"Contact form\" novalidate=\"novalidate\" data-status=\"init\" data-trp-original-action=\"\/en\/wp-json\/wp\/v2\/pages\/1079#wpcf7-f1084-o1\">\n<fieldset class=\"hidden-fields-container\"><input type=\"hidden\" name=\"_wpcf7\" value=\"1084\" \/><input type=\"hidden\" name=\"_wpcf7_version\" value=\"6.1.4\" \/><input type=\"hidden\" name=\"_wpcf7_locale\" value=\"de_DE\" \/><input type=\"hidden\" name=\"_wpcf7_unit_tag\" value=\"wpcf7-f1084-o1\" \/><input type=\"hidden\" name=\"_wpcf7_container_post\" value=\"0\" \/><input type=\"hidden\" name=\"_wpcf7_posted_data_hash\" value=\"\" \/>\n<\/fieldset>\n<p><label> your name *<\/label><br \/>\n<span class=\"wpcf7-form-control-wrap\" data-name=\"your-name\"><input size=\"40\" maxlength=\"400\" class=\"wpcf7-form-control wpcf7-text wpcf7-validates-as-required\" aria-required=\"true\" aria-invalid=\"false\" value=\"\" type=\"text\" name=\"your-name\" \/><\/span>\n<\/p>\n<p><label> your E-Mail-Address *<\/label><br \/>\n<span class=\"wpcf7-form-control-wrap\" data-name=\"your-email\"><input size=\"40\" maxlength=\"400\" class=\"wpcf7-form-control wpcf7-email wpcf7-validates-as-required wpcf7-text wpcf7-validates-as-email\" aria-required=\"true\" aria-invalid=\"false\" value=\"\" type=\"email\" name=\"your-email\" \/><\/span>\n<\/p>\n<p><label> your phone number *<\/label><br \/>\n<span class=\"wpcf7-form-control-wrap\" data-name=\"tel-phone\"><input size=\"40\" maxlength=\"400\" class=\"wpcf7-form-control wpcf7-tel wpcf7-validates-as-required wpcf7-text wpcf7-validates-as-tel\" aria-required=\"true\" aria-invalid=\"false\" value=\"\" type=\"tel\" name=\"tel-phone\" \/><\/span>\n<\/p>\n<p><label> Date of your happening *<\/label><br \/>\n<span class=\"wpcf7-form-control-wrap\" data-name=\"termin\"><input size=\"40\" maxlength=\"400\" class=\"wpcf7-form-control wpcf7-text wpcf7-validates-as-required\" aria-required=\"true\" aria-invalid=\"false\" value=\"\" type=\"text\" name=\"termin\" \/><\/span>\n<\/p>\n<p><label> Time of day *<\/label><br \/>\n<span class=\"wpcf7-form-control-wrap\" data-name=\"time\"><input size=\"40\" maxlength=\"400\" class=\"wpcf7-form-control wpcf7-text wpcf7-validates-as-required\" aria-required=\"true\" aria-invalid=\"false\" value=\"\" type=\"text\" name=\"time\" \/><\/span>\n<\/p>\n<p><label> Number of guests *<\/label><br \/>\n<span class=\"wpcf7-form-control-wrap\" data-name=\"anzahl\"><input size=\"40\" maxlength=\"400\" class=\"wpcf7-form-control wpcf7-text wpcf7-validates-as-required\" aria-required=\"true\" aria-invalid=\"false\" value=\"\" type=\"text\" name=\"anzahl\" \/><\/span>\n<\/p>\n<p><label> Kind of event * <\/label><br \/>\n<span class=\"wpcf7-form-control-wrap\" data-name=\"event\"><input size=\"40\" maxlength=\"400\" class=\"wpcf7-form-control wpcf7-text wpcf7-validates-as-required\" aria-required=\"true\" aria-invalid=\"false\" value=\"\" type=\"text\" name=\"event\" \/><\/span>\n<\/p>\n<p><label> Comment <\/label><br \/>\n<span class=\"wpcf7-form-control-wrap\" data-name=\"nachricht\"><textarea cols=\"40\" rows=\"10\" maxlength=\"2000\" class=\"wpcf7-form-control wpcf7-textarea\" aria-invalid=\"false\" name=\"nachricht\"><\/textarea><\/span>\n<\/p>\n<p><span class=\"wpcf7-form-control-wrap\" data-name=\"acceptance-298\"><span class=\"wpcf7-form-control wpcf7-acceptance\"><span class=\"wpcf7-list-item\"><label><input type=\"checkbox\" name=\"acceptance-298\" value=\"1\" aria-invalid=\"false\" \/><span class=\"wpcf7-list-item-label\"><labe style=\"font-size:15px\">I have noticed the <a href=\"http:\/\/spindler-berlin.net\/en\/datenschutz\/\">Privacy Policy<\/a> completely. I accept, that my information and data will be only collected and stored electronically to answer my request.<\/label><\/span><\/label><\/span><\/span><\/span>\n<\/p>\n<p><input class=\"wpcf7-form-control wpcf7-submit has-spinner\" type=\"submit\" value=\"Send your request\" \/>\n<\/p><input type='hidden' class='wpcf7-pum' value='{\"closepopup\":false,\"closedelay\":0,\"openpopup\":false,\"openpopup_id\":0}' \/><div class=\"wpcf7-response-output\" aria-hidden=\"true\"><\/div>\n<input type=\"hidden\" name=\"trp-form-language\" value=\"en\"\/><\/form>\n<\/div>\n<\/div>\n            <\/div>\t\t\t\t<\/div>\n\t\t\t\t<\/div>\n\t\t\t\t\t<\/div>\n\t\t<\/div>\n\t\t\t\t\t<\/div>\n\t\t<\/section>\n\t\t\t\t\t<\/div>\n\t\t<\/div>\n\t\t\t\t\t<\/div>\n\t\t<\/section>\n\t\t\t\t<section class=\"elementor-section elementor-top-section elementor-element elementor-element-80428cd elementor-hidden-desktop elementor-hidden-tablet elementor-section-boxed elementor-section-height-default elementor-section-height-default\" data-id=\"80428cd\" data-element_type=\"section\" data-settings=\"{&quot;background_background&quot;:&quot;classic&quot;}\">\n\t\t\t\t\t\t<div class=\"elementor-container elementor-column-gap-default\">\n\t\t\t\t\t<div class=\"elementor-column elementor-col-100 elementor-top-column elementor-element elementor-element-e0ea20f\" data-id=\"e0ea20f\" data-element_type=\"column\">\n\t\t\t<div class=\"elementor-widget-wrap elementor-element-populated\">\n\t\t\t\t\t\t<div class=\"elementor-element elementor-element-35b36d0 elementor-align-center elementor-widget elementor-widget-button\" data-id=\"35b36d0\" data-element_type=\"widget\" data-widget_type=\"button.default\">\n\t\t\t\t<div class=\"elementor-widget-container\">\n\t\t\t\t\t\t\t\t\t<div class=\"elementor-button-wrapper\">\n\t\t\t\t\t<a class=\"elementor-button elementor-button-link elementor-size-md\" href=\"https:\/\/spindler-berlin.net\/en\/tisch-buchen\/\" rel=\"nofollow\">\n\t\t\t\t\t\t<span class=\"elementor-button-content-wrapper\">\n\t\t\t\t\t\t\t\t\t<span class=\"elementor-button-text\">Reserve Now<\/span>\n\t\t\t\t\t<\/span>\n\t\t\t\t\t<\/a>\n\t\t\t\t<\/div>\n\t\t\t\t\t\t\t\t<\/div>\n\t\t\t\t<\/div>\n\t\t\t\t<div class=\"elementor-element elementor-element-cca500d elementor-widget elementor-widget-text-editor\" data-id=\"cca500d\" data-element_type=\"widget\" data-widget_type=\"text-editor.default\">\n\t\t\t\t<div class=\"elementor-widget-container\">\n\t\t\t\t\t\t\t\t\t<p><strong>Spindler<\/strong><br \/>Paul-Lincke-Ufer 42\/43<br \/>10999 Berlin<\/p><p><strong>Our NEW opening hours:<\/strong><\/p><p>Mo\u00a0\u00a0\u00a0\u00a0\u00a0\u00a0\u00a0\u00a0\u00a0\u00a0&nbsp;&nbsp;&nbsp;&nbsp;closed<br \/>Tu\u00a0\u00a0\u00a0\u00a0\u00a0\u00a0\u00a0\u00a0\u00a0\u00a0\u00a0\u00a0&nbsp;&nbsp;&nbsp;&nbsp;closed<br \/>Wed 18-24<br \/>Thu 18-24<br \/>Fri 18-24<br \/>Sat 10-24<br \/>Sun 10-24<\/p><p><strong>Bites \/ Sundowner<br \/><\/strong>Sat, Sun, Holidays<br \/>16:00 - 18:00<br \/><strong>Brunch<br \/><\/strong>Sat, Sun, Holidays<br \/>10-16<br \/><strong>Dinner<\/strong><br \/>18-23<\/p><p><a href=\"http:\/\/spindler-berlin.net\/en\/impressum\/\">Imprint \/ Imprint<\/a><br \/><a href=\"http:\/\/spindler-berlin.net\/en\/datenschutz\/\">Privacy Policy<\/a><\/p><p>Contact<br \/><strong>Restaurant<\/strong><br \/><a href=\"tel:+493069598880\">+49 (0)30 695 988 80<\/a><br \/><a href=\"mailto:eat@spindler-berlin.com\">eat@spindler-berlin.com<\/a><br \/><strong><br \/>Group Bookings<\/strong><br \/><a href=\"tel:+493069598880\">+49 (0)30 695 988 80<\/a><br \/><a href=\"mailto:event@spindler-berlin.com\">event@spindler-berlin.com<\/a>8<\/p>\t\t\t\t\t\t\t\t<\/div>\n\t\t\t\t<\/div>\n\t\t\t\t<div class=\"elementor-element elementor-element-2e84a96 elementor-widget elementor-widget-image\" data-id=\"2e84a96\" data-element_type=\"widget\" data-widget_type=\"image.default\">\n\t\t\t\t<div class=\"elementor-widget-container\">\n\t\t\t\t\t\t\t\t\t\t\t\t\t\t\t<img fetchpriority=\"high\" decoding=\"async\" width=\"1080\" height=\"1080\" src=\"https:\/\/spindler-berlin.net\/wp-content\/uploads\/2024\/10\/Dinners-choice-2024-logo.png\" class=\"attachment-full size-full wp-image-12171\" alt=\"\" srcset=\"https:\/\/spindler-berlin.net\/wp-content\/uploads\/2024\/10\/Dinners-choice-2024-logo.png 1080w, https:\/\/spindler-berlin.net\/wp-content\/uploads\/2024\/10\/Dinners-choice-2024-logo-300x300.png 300w, https:\/\/spindler-berlin.net\/wp-content\/uploads\/2024\/10\/Dinners-choice-2024-logo-150x150.png 150w, https:\/\/spindler-berlin.net\/wp-content\/uploads\/2024\/10\/Dinners-choice-2024-logo-768x768.png 768w, https:\/\/spindler-berlin.net\/wp-content\/uploads\/2024\/10\/Dinners-choice-2024-logo-12x12.png 12w, https:\/\/spindler-berlin.net\/wp-content\/uploads\/2024\/10\/Dinners-choice-2024-logo-600x600.png 600w\" sizes=\"(max-width: 1080px) 100vw, 1080px\" \/>\t\t\t\t\t\t\t\t\t\t\t\t\t\t\t<\/div>\n\t\t\t\t<\/div>\n\t\t\t\t<div class=\"elementor-element elementor-element-d476d75 elementor-widget elementor-widget-image\" data-id=\"d476d75\" data-element_type=\"widget\" data-widget_type=\"image.default\">\n\t\t\t\t<div class=\"elementor-widget-container\">\n\t\t\t\t\t\t\t\t\t\t\t\t\t\t\t<img decoding=\"async\" width=\"2048\" height=\"2897\" src=\"https:\/\/spindler-berlin.net\/wp-content\/uploads\/2024\/10\/RestaurantGuru_Certificate_2024-de.png\" class=\"attachment-full size-full wp-image-12227\" alt=\"\" srcset=\"https:\/\/spindler-berlin.net\/wp-content\/uploads\/2024\/10\/RestaurantGuru_Certificate_2024-de.png 2048w, https:\/\/spindler-berlin.net\/wp-content\/uploads\/2024\/10\/RestaurantGuru_Certificate_2024-de-212x300.png 212w, https:\/\/spindler-berlin.net\/wp-content\/uploads\/2024\/10\/RestaurantGuru_Certificate_2024-de-764x1080.png 764w, https:\/\/spindler-berlin.net\/wp-content\/uploads\/2024\/10\/RestaurantGuru_Certificate_2024-de-768x1086.png 768w, https:\/\/spindler-berlin.net\/wp-content\/uploads\/2024\/10\/RestaurantGuru_Certificate_2024-de-1086x1536.png 1086w, https:\/\/spindler-berlin.net\/wp-content\/uploads\/2024\/10\/RestaurantGuru_Certificate_2024-de-1448x2048.png 1448w, https:\/\/spindler-berlin.net\/wp-content\/uploads\/2024\/10\/RestaurantGuru_Certificate_2024-de-8x12.png 8w\" sizes=\"(max-width: 2048px) 100vw, 2048px\" \/>\t\t\t\t\t\t\t\t\t\t\t\t\t\t\t<\/div>\n\t\t\t\t<\/div>\n\t\t\t\t\t<\/div>\n\t\t<\/div>\n\t\t\t\t\t<\/div>\n\t\t<\/section>\n\t\t\t\t<\/div>","protected":false},"excerpt":{"rendered":"<p>Feiern im SPINDLER &#8211; f\u00fcr gro\u00dfe Gruppen, Firmenfeiern und besondere Anl\u00e4sse. \u00a0 Ob Geburtstag, Hochzeit, Baby Shower, Jubil\u00e4um, Firmenfeier oder Produktpr\u00e4sentation &#8211; bei uns finden Sie den passenden Rahmen. \u00a0Wir planen individuelle Events ganz nach Ihren W\u00fcnschen &#8211; vom Men\u00fc bis zur Dekoration. Exklusive Nutzung der R\u00e4ume ist m\u00f6glich. Im Sommer steht auch unser Garten [&hellip;]<\/p>","protected":false},"author":5,"featured_media":10472,"parent":776,"menu_order":0,"comment_status":"closed","ping_status":"closed","template":"elementor_header_footer","meta":{"footnotes":""},"class_list":["post-1079","page","type-page","status-publish","has-post-thumbnail","hentry","entry","has-media"],"yoast_head":"<!-- This site is optimized with the Yoast SEO Premium plugin v25.6 (Yoast SEO v26.7) - https:\/\/yoast.com\/wordpress\/plugins\/seo\/ -->\n<title>SPINDLER Restaurant Berlin - Gruppenevents - Berlin Kreuzberg<\/title>\n<meta name=\"description\" content=\"SPINDLER Restaurant Berlin - Restaurant Klassiker in Berlin Kreuzberg - Brasserie &amp; Grill - Beste marktfrische K\u00fcche - Gruppenevents\" \/>\n<meta name=\"robots\" content=\"index, follow, max-snippet:-1, max-image-preview:large, max-video-preview:-1\" \/>\n<link rel=\"canonical\" href=\"https:\/\/spindler-berlin.net\/en\/spindler\/gruppen\/\" \/>\n<meta property=\"og:locale\" content=\"en_GB\" \/>\n<meta property=\"og:type\" content=\"article\" \/>\n<meta property=\"og:title\" content=\"* Gruppen\" \/>\n<meta property=\"og:description\" content=\"SPINDLER Restaurant Berlin - Restaurant Klassiker in Berlin Kreuzberg - Brasserie &amp; Grill - Beste marktfrische K\u00fcche - Gruppenevents\" \/>\n<meta property=\"og:url\" content=\"https:\/\/spindler-berlin.net\/en\/spindler\/gruppen\/\" \/>\n<meta property=\"og:site_name\" content=\"SPINDLER Restaurant Berlin\" \/>\n<meta property=\"article:publisher\" content=\"https:\/\/www.facebook.com\/spindler.berlin\" \/>\n<meta property=\"article:modified_time\" content=\"2026-03-20T14:37:36+00:00\" \/>\n<meta property=\"og:image\" content=\"https:\/\/spindler-berlin.net\/wp-content\/uploads\/2023\/06\/SPINDLER-logo-quadrat.jpg\" \/>\n\t<meta property=\"og:image:width\" content=\"500\" \/>\n\t<meta property=\"og:image:height\" content=\"500\" \/>\n\t<meta property=\"og:image:type\" content=\"image\/jpeg\" \/>\n<meta name=\"twitter:card\" content=\"summary_large_image\" \/>\n<meta name=\"twitter:label1\" content=\"Estimated reading time\" \/>\n\t<meta name=\"twitter:data1\" content=\"2 minutes\" \/>\n<script type=\"application\/ld+json\" class=\"yoast-schema-graph\">{\"@context\":\"https:\/\/schema.org\",\"@graph\":[{\"@type\":\"WebPage\",\"@id\":\"https:\/\/spindler-berlin.net\/en\/spindler\/gruppen\/\",\"url\":\"https:\/\/spindler-berlin.net\/en\/spindler\/gruppen\/\",\"name\":\"SPINDLER Restaurant Berlin - Gruppenevents - Berlin Kreuzberg\",\"isPartOf\":{\"@id\":\"https:\/\/spindler-berlin.net\/#website\"},\"primaryImageOfPage\":{\"@id\":\"https:\/\/spindler-berlin.net\/en\/spindler\/gruppen\/#primaryimage\"},\"image\":{\"@id\":\"https:\/\/spindler-berlin.net\/en\/spindler\/gruppen\/#primaryimage\"},\"thumbnailUrl\":\"https:\/\/spindler-berlin.net\/wp-content\/uploads\/2023\/06\/SPINDLER-logo-quadrat.jpg\",\"datePublished\":\"2023-11-04T11:00:13+00:00\",\"dateModified\":\"2026-03-20T14:37:36+00:00\",\"description\":\"SPINDLER Restaurant Berlin - Restaurant Klassiker in Berlin Kreuzberg - Brasserie & Grill - Beste marktfrische K\u00fcche - Gruppenevents\",\"breadcrumb\":{\"@id\":\"https:\/\/spindler-berlin.net\/en\/spindler\/gruppen\/#breadcrumb\"},\"inLanguage\":\"en-GB\",\"potentialAction\":[{\"@type\":\"ReadAction\",\"target\":[\"https:\/\/spindler-berlin.net\/en\/spindler\/gruppen\/\"]}]},{\"@type\":\"ImageObject\",\"inLanguage\":\"en-GB\",\"@id\":\"https:\/\/spindler-berlin.net\/en\/spindler\/gruppen\/#primaryimage\",\"url\":\"https:\/\/spindler-berlin.net\/wp-content\/uploads\/2023\/06\/SPINDLER-logo-quadrat.jpg\",\"contentUrl\":\"https:\/\/spindler-berlin.net\/wp-content\/uploads\/2023\/06\/SPINDLER-logo-quadrat.jpg\",\"width\":500,\"height\":500},{\"@type\":\"BreadcrumbList\",\"@id\":\"https:\/\/spindler-berlin.net\/en\/spindler\/gruppen\/#breadcrumb\",\"itemListElement\":[{\"@type\":\"ListItem\",\"position\":1,\"name\":\"Startseite\",\"item\":\"https:\/\/spindler-berlin.net\/\"},{\"@type\":\"ListItem\",\"position\":2,\"name\":\"* Startseite\",\"item\":\"https:\/\/spindler-berlin.net\/\"},{\"@type\":\"ListItem\",\"position\":3,\"name\":\"* Gruppen\"}]},{\"@type\":\"WebSite\",\"@id\":\"https:\/\/spindler-berlin.net\/#website\",\"url\":\"https:\/\/spindler-berlin.net\/\",\"name\":\"SPINDLER Restaurant Berlin\",\"description\":\"\",\"publisher\":{\"@id\":\"https:\/\/spindler-berlin.net\/#organization\"},\"potentialAction\":[{\"@type\":\"SearchAction\",\"target\":{\"@type\":\"EntryPoint\",\"urlTemplate\":\"https:\/\/spindler-berlin.net\/?s={search_term_string}\"},\"query-input\":{\"@type\":\"PropertyValueSpecification\",\"valueRequired\":true,\"valueName\":\"search_term_string\"}}],\"inLanguage\":\"en-GB\"},{\"@type\":\"Organization\",\"@id\":\"https:\/\/spindler-berlin.net\/#organization\",\"name\":\"Spindler Restaurant Berlin\",\"url\":\"https:\/\/spindler-berlin.net\/\",\"logo\":{\"@type\":\"ImageObject\",\"inLanguage\":\"en-GB\",\"@id\":\"https:\/\/spindler-berlin.net\/#\/schema\/logo\/image\/\",\"url\":\"https:\/\/spindler-berlin.net\/wp-content\/uploads\/2019\/07\/Logo_Spindler-2014_03_17_edit.png\",\"contentUrl\":\"https:\/\/spindler-berlin.net\/wp-content\/uploads\/2019\/07\/Logo_Spindler-2014_03_17_edit.png\",\"width\":536,\"height\":91,\"caption\":\"Spindler Restaurant Berlin\"},\"image\":{\"@id\":\"https:\/\/spindler-berlin.net\/#\/schema\/logo\/image\/\"},\"sameAs\":[\"https:\/\/www.facebook.com\/spindler.berlin\",\"https:\/\/www.instagram.com\/spindler.berlin\/\"]}]}<\/script>\n<!-- \/ Yoast SEO Premium plugin. -->","yoast_head_json":{"title":"SPINDLER Restaurant Berlin - Group Events - Berlin Kreuzberg","description":"SPINDLER Restaurant Berlin - Restaurant Klassiker in Berlin Kreuzberg - Brasserie &amp; Grill - Best Market Fresh Cuisine - Group Events","robots":{"index":"index","follow":"follow","max-snippet":"max-snippet:-1","max-image-preview":"max-image-preview:large","max-video-preview":"max-video-preview:-1"},"canonical":"https:\/\/spindler-berlin.net\/en\/spindler\/gruppen\/","og_locale":"en_GB","og_type":"article","og_title":"* Gruppen","og_description":"SPINDLER Restaurant Berlin - Restaurant Klassiker in Berlin Kreuzberg - Brasserie & Grill - Beste marktfrische K\u00fcche - Gruppenevents","og_url":"https:\/\/spindler-berlin.net\/en\/spindler\/gruppen\/","og_site_name":"SPINDLER Restaurant Berlin","article_publisher":"https:\/\/www.facebook.com\/spindler.berlin","article_modified_time":"2026-03-20T14:37:36+00:00","og_image":[{"width":500,"height":500,"url":"https:\/\/spindler-berlin.net\/wp-content\/uploads\/2023\/06\/SPINDLER-logo-quadrat.jpg","type":"image\/jpeg"}],"twitter_card":"summary_large_image","twitter_misc":{"Estimated reading time":"2 minutes"},"schema":{"@context":"https:\/\/schema.org","@graph":[{"@type":"WebPage","@id":"https:\/\/spindler-berlin.net\/en\/spindler\/gruppen\/","url":"https:\/\/spindler-berlin.net\/en\/spindler\/gruppen\/","name":"SPINDLER Restaurant Berlin - Group Events - Berlin Kreuzberg","isPartOf":{"@id":"https:\/\/spindler-berlin.net\/#website"},"primaryImageOfPage":{"@id":"https:\/\/spindler-berlin.net\/en\/spindler\/gruppen\/#primaryimage"},"image":{"@id":"https:\/\/spindler-berlin.net\/en\/spindler\/gruppen\/#primaryimage"},"thumbnailUrl":"https:\/\/spindler-berlin.net\/wp-content\/uploads\/2023\/06\/SPINDLER-logo-quadrat.jpg","datePublished":"2023-11-04T11:00:13+00:00","dateModified":"2026-03-20T14:37:36+00:00","description":"SPINDLER Restaurant Berlin - Restaurant Klassiker in Berlin Kreuzberg - Brasserie &amp; Grill - Best Market Fresh Cuisine - Group Events","breadcrumb":{"@id":"https:\/\/spindler-berlin.net\/en\/spindler\/gruppen\/#breadcrumb"},"inLanguage":"en-GB","potentialAction":[{"@type":"ReadAction","target":["https:\/\/spindler-berlin.net\/en\/spindler\/gruppen\/"]}]},{"@type":"ImageObject","inLanguage":"en-GB","@id":"https:\/\/spindler-berlin.net\/en\/spindler\/gruppen\/#primaryimage","url":"https:\/\/spindler-berlin.net\/wp-content\/uploads\/2023\/06\/SPINDLER-logo-quadrat.jpg","contentUrl":"https:\/\/spindler-berlin.net\/wp-content\/uploads\/2023\/06\/SPINDLER-logo-quadrat.jpg","width":500,"height":500},{"@type":"BreadcrumbList","@id":"https:\/\/spindler-berlin.net\/en\/spindler\/gruppen\/#breadcrumb","itemListElement":[{"@type":"ListItem","position":1,"name":"Startseite","item":"https:\/\/spindler-berlin.net\/"},{"@type":"ListItem","position":2,"name":"* Startseite","item":"https:\/\/spindler-berlin.net\/"},{"@type":"ListItem","position":3,"name":"* Gruppen"}]},{"@type":"WebSite","@id":"https:\/\/spindler-berlin.net\/#website","url":"https:\/\/spindler-berlin.net\/","name":"SPINDLER Restaurant Berlin","description":"","publisher":{"@id":"https:\/\/spindler-berlin.net\/#organization"},"potentialAction":[{"@type":"SearchAction","target":{"@type":"EntryPoint","urlTemplate":"https:\/\/spindler-berlin.net\/?s={search_term_string}"},"query-input":{"@type":"PropertyValueSpecification","valueRequired":true,"valueName":"search_term_string"}}],"inLanguage":"en-GB"},{"@type":"Organization","@id":"https:\/\/spindler-berlin.net\/#organization","name":"Spindler Restaurant Berlin","url":"https:\/\/spindler-berlin.net\/","logo":{"@type":"ImageObject","inLanguage":"en-GB","@id":"https:\/\/spindler-berlin.net\/#\/schema\/logo\/image\/","url":"https:\/\/spindler-berlin.net\/wp-content\/uploads\/2019\/07\/Logo_Spindler-2014_03_17_edit.png","contentUrl":"https:\/\/spindler-berlin.net\/wp-content\/uploads\/2019\/07\/Logo_Spindler-2014_03_17_edit.png","width":536,"height":91,"caption":"Spindler Restaurant Berlin"},"image":{"@id":"https:\/\/spindler-berlin.net\/#\/schema\/logo\/image\/"},"sameAs":["https:\/\/www.facebook.com\/spindler.berlin","https:\/\/www.instagram.com\/spindler.berlin\/"]}]}},"jetpack_sharing_enabled":true,"_links":{"self":[{"href":"https:\/\/spindler-berlin.net\/en\/wp-json\/wp\/v2\/pages\/1079","targetHints":{"allow":["GET"]}}],"collection":[{"href":"https:\/\/spindler-berlin.net\/en\/wp-json\/wp\/v2\/pages"}],"about":[{"href":"https:\/\/spindler-berlin.net\/en\/wp-json\/wp\/v2\/types\/page"}],"author":[{"embeddable":true,"href":"https:\/\/spindler-berlin.net\/en\/wp-json\/wp\/v2\/users\/5"}],"replies":[{"embeddable":true,"href":"https:\/\/spindler-berlin.net\/en\/wp-json\/wp\/v2\/comments?post=1079"}],"version-history":[{"count":149,"href":"https:\/\/spindler-berlin.net\/en\/wp-json\/wp\/v2\/pages\/1079\/revisions"}],"predecessor-version":[{"id":12723,"href":"https:\/\/spindler-berlin.net\/en\/wp-json\/wp\/v2\/pages\/1079\/revisions\/12723"}],"up":[{"embeddable":true,"href":"https:\/\/spindler-berlin.net\/en\/wp-json\/wp\/v2\/pages\/776"}],"wp:featuredmedia":[{"embeddable":true,"href":"https:\/\/spindler-berlin.net\/en\/wp-json\/wp\/v2\/media\/10472"}],"wp:attachment":[{"href":"https:\/\/spindler-berlin.net\/en\/wp-json\/wp\/v2\/media?parent=1079"}],"curies":[{"name":"wp","href":"https:\/\/api.w.org\/{rel}","templated":true}]}}