{"id":10026,"date":"2023-06-12T15:32:51","date_gmt":"2023-06-12T13:32:51","guid":{"rendered":"https:\/\/vyq7hgtj5cl.c.updraftclone.com\/?page_id=10026"},"modified":"2023-11-14T20:26:39","modified_gmt":"2023-11-14T19:26:39","slug":"tisch-buchen","status":"publish","type":"page","link":"https:\/\/spindler-berlin.net\/fr\/tisch-buchen\/","title":{"rendered":"* R\u00e9server une table"},"content":{"rendered":"<div data-elementor-type=\"wp-page\" data-elementor-id=\"10026\" class=\"elementor elementor-10026\">\n\t\t\t\t\t\t<section class=\"elementor-section elementor-top-section elementor-element elementor-element-b00d2aa elementor-section-full_width elementor-section-height-default elementor-section-height-default\" data-id=\"b00d2aa\" data-element_type=\"section\">\n\t\t\t\t\t\t<div class=\"elementor-container elementor-column-gap-no\">\n\t\t\t\t\t<div class=\"elementor-column elementor-col-100 elementor-top-column elementor-element elementor-element-35347b5\" data-id=\"35347b5\" data-element_type=\"column\">\n\t\t\t<div class=\"elementor-widget-wrap elementor-element-populated\">\n\t\t\t\t\t\t<div class=\"elementor-element elementor-element-21ac48f elementor-widget elementor-widget-shortcode\" data-id=\"21ac48f\" data-element_type=\"widget\" data-widget_type=\"shortcode.default\">\n\t\t\t\t<div class=\"elementor-widget-container\">\n\t\t\t\t\t\t\t<div class=\"elementor-shortcode\">\n\n\n\n\n <iframe src=\"https:\/\/www.opentable.de\/restref\/client\/?rid=113784&restref=113784&theme=tall&lang=fr-FR&ot_source=Restaurant%20website\" width=\"100%\" height=\"1000\" style=\"border:none;\"><\/iframe>\n\n\n\n\n\n\n\n\n\n\n\n\n\n\n\n\n\n<\/div>\n\t\t\t\t\t\t<\/div>\n\t\t\t\t<\/div>\n\t\t\t\t\t<\/div>\n\t\t<\/div>\n\t\t\t\t\t<\/div>\n\t\t<\/section>\n\t\t\t\t<\/div>","protected":false},"excerpt":{"rendered":"","protected":false},"author":5,"featured_media":10472,"parent":0,"menu_order":0,"comment_status":"closed","ping_status":"closed","template":"elementor_canvas","meta":{"footnotes":""},"class_list":["post-10026","page","type-page","status-publish","has-post-thumbnail","hentry","entry","has-media"],"yoast_head":"<!-- This site is optimized with the Yoast SEO Premium plugin v25.6 (Yoast SEO v26.7) - https:\/\/yoast.com\/wordpress\/plugins\/seo\/ -->\n<title>* Tisch buchen - SPINDLER Restaurant Berlin<\/title>\n<meta name=\"description\" content=\"Spindler Restaurant Berlin - Das entspannte Brasserie Restaurant in Berlin-Kreuzberg am Paul Lincke Ufer\" \/>\n<meta name=\"robots\" content=\"noindex, nofollow\" \/>\n<meta property=\"og:locale\" content=\"fr_FR\" \/>\n<meta property=\"og:type\" content=\"article\" \/>\n<meta property=\"og:title\" content=\"* Tisch buchen\" \/>\n<meta property=\"og:description\" content=\"Spindler Restaurant Berlin - Das entspannte Brasserie Restaurant in Berlin-Kreuzberg am Paul Lincke Ufer\" \/>\n<meta property=\"og:url\" content=\"https:\/\/spindler-berlin.net\/fr\/tisch-buchen\/\" \/>\n<meta property=\"og:site_name\" content=\"SPINDLER Restaurant Berlin\" \/>\n<meta property=\"article:publisher\" content=\"https:\/\/www.facebook.com\/spindler.berlin\" \/>\n<meta property=\"article:modified_time\" content=\"2023-11-14T19:26:39+00:00\" \/>\n<meta property=\"og:image\" content=\"https:\/\/spindler-berlin.net\/wp-content\/uploads\/2023\/06\/SPINDLER-logo-quadrat.jpg\" \/>\n\t<meta property=\"og:image:width\" content=\"500\" \/>\n\t<meta property=\"og:image:height\" content=\"500\" \/>\n\t<meta property=\"og:image:type\" content=\"image\/jpeg\" \/>\n<meta name=\"twitter:card\" content=\"summary_large_image\" \/>\n<meta name=\"twitter:label1\" content=\"Dur\u00e9e de lecture estim\u00e9e\" \/>\n\t<meta name=\"twitter:data1\" content=\"1 minute\" \/>\n<script type=\"application\/ld+json\" class=\"yoast-schema-graph\">{\"@context\":\"https:\/\/schema.org\",\"@graph\":[{\"@type\":\"WebPage\",\"@id\":\"https:\/\/spindler-berlin.net\/en\/tisch-buchen\/\",\"url\":\"https:\/\/spindler-berlin.net\/en\/tisch-buchen\/\",\"name\":\"* Tisch buchen - SPINDLER Restaurant Berlin\",\"isPartOf\":{\"@id\":\"https:\/\/spindler-berlin.net\/#website\"},\"primaryImageOfPage\":{\"@id\":\"https:\/\/spindler-berlin.net\/en\/tisch-buchen\/#primaryimage\"},\"image\":{\"@id\":\"https:\/\/spindler-berlin.net\/en\/tisch-buchen\/#primaryimage\"},\"thumbnailUrl\":\"https:\/\/spindler-berlin.net\/wp-content\/uploads\/2023\/06\/SPINDLER-logo-quadrat.jpg\",\"datePublished\":\"2023-06-12T13:32:51+00:00\",\"dateModified\":\"2023-11-14T19:26:39+00:00\",\"description\":\"Spindler Restaurant Berlin - Das entspannte Brasserie Restaurant in Berlin-Kreuzberg am Paul Lincke Ufer\",\"breadcrumb\":{\"@id\":\"https:\/\/spindler-berlin.net\/en\/tisch-buchen\/#breadcrumb\"},\"inLanguage\":\"fr-FR\",\"potentialAction\":[{\"@type\":\"ReadAction\",\"target\":[\"https:\/\/spindler-berlin.net\/en\/tisch-buchen\/\"]}]},{\"@type\":\"ImageObject\",\"inLanguage\":\"fr-FR\",\"@id\":\"https:\/\/spindler-berlin.net\/en\/tisch-buchen\/#primaryimage\",\"url\":\"https:\/\/spindler-berlin.net\/wp-content\/uploads\/2023\/06\/SPINDLER-logo-quadrat.jpg\",\"contentUrl\":\"https:\/\/spindler-berlin.net\/wp-content\/uploads\/2023\/06\/SPINDLER-logo-quadrat.jpg\",\"width\":500,\"height\":500},{\"@type\":\"BreadcrumbList\",\"@id\":\"https:\/\/spindler-berlin.net\/en\/tisch-buchen\/#breadcrumb\",\"itemListElement\":[{\"@type\":\"ListItem\",\"position\":1,\"name\":\"Startseite\",\"item\":\"https:\/\/spindler-berlin.net\/\"},{\"@type\":\"ListItem\",\"position\":2,\"name\":\"* Tisch buchen\"}]},{\"@type\":\"WebSite\",\"@id\":\"https:\/\/spindler-berlin.net\/#website\",\"url\":\"https:\/\/spindler-berlin.net\/\",\"name\":\"SPINDLER Restaurant Berlin\",\"description\":\"\",\"publisher\":{\"@id\":\"https:\/\/spindler-berlin.net\/#organization\"},\"potentialAction\":[{\"@type\":\"SearchAction\",\"target\":{\"@type\":\"EntryPoint\",\"urlTemplate\":\"https:\/\/spindler-berlin.net\/?s={search_term_string}\"},\"query-input\":{\"@type\":\"PropertyValueSpecification\",\"valueRequired\":true,\"valueName\":\"search_term_string\"}}],\"inLanguage\":\"fr-FR\"},{\"@type\":\"Organization\",\"@id\":\"https:\/\/spindler-berlin.net\/#organization\",\"name\":\"Spindler Restaurant Berlin\",\"url\":\"https:\/\/spindler-berlin.net\/\",\"logo\":{\"@type\":\"ImageObject\",\"inLanguage\":\"fr-FR\",\"@id\":\"https:\/\/spindler-berlin.net\/#\/schema\/logo\/image\/\",\"url\":\"https:\/\/spindler-berlin.net\/wp-content\/uploads\/2019\/07\/Logo_Spindler-2014_03_17_edit.png\",\"contentUrl\":\"https:\/\/spindler-berlin.net\/wp-content\/uploads\/2019\/07\/Logo_Spindler-2014_03_17_edit.png\",\"width\":536,\"height\":91,\"caption\":\"Spindler Restaurant Berlin\"},\"image\":{\"@id\":\"https:\/\/spindler-berlin.net\/#\/schema\/logo\/image\/\"},\"sameAs\":[\"https:\/\/www.facebook.com\/spindler.berlin\",\"https:\/\/www.instagram.com\/spindler.berlin\/\"]}]}<\/script>\n<!-- \/ Yoast SEO Premium plugin. -->","yoast_head_json":{"title":"* R\u00e9server une table - SPINDLER Restaurant Berlin","description":"Spindler Restaurant Berlin - Le restaurant brasserie d\u00e9contract\u00e9 \u00e0 Berlin-Kreuzberg sur la rive Paul Lincke","robots":{"index":"noindex","follow":"nofollow"},"og_locale":"fr_FR","og_type":"article","og_title":"* Tisch buchen","og_description":"Spindler Restaurant Berlin - Das entspannte Brasserie Restaurant in Berlin-Kreuzberg am Paul Lincke Ufer","og_url":"https:\/\/spindler-berlin.net\/fr\/tisch-buchen\/","og_site_name":"SPINDLER Restaurant Berlin","article_publisher":"https:\/\/www.facebook.com\/spindler.berlin","article_modified_time":"2023-11-14T19:26:39+00:00","og_image":[{"width":500,"height":500,"url":"https:\/\/spindler-berlin.net\/wp-content\/uploads\/2023\/06\/SPINDLER-logo-quadrat.jpg","type":"image\/jpeg"}],"twitter_card":"summary_large_image","twitter_misc":{"Dur\u00e9e de lecture estim\u00e9e":"1 minute"},"schema":{"@context":"https:\/\/schema.org","@graph":[{"@type":"WebPage","@id":"https:\/\/spindler-berlin.net\/en\/tisch-buchen\/","url":"https:\/\/spindler-berlin.net\/en\/tisch-buchen\/","name":"* R\u00e9server une table - SPINDLER Restaurant Berlin","isPartOf":{"@id":"https:\/\/spindler-berlin.net\/#website"},"primaryImageOfPage":{"@id":"https:\/\/spindler-berlin.net\/en\/tisch-buchen\/#primaryimage"},"image":{"@id":"https:\/\/spindler-berlin.net\/en\/tisch-buchen\/#primaryimage"},"thumbnailUrl":"https:\/\/spindler-berlin.net\/wp-content\/uploads\/2023\/06\/SPINDLER-logo-quadrat.jpg","datePublished":"2023-06-12T13:32:51+00:00","dateModified":"2023-11-14T19:26:39+00:00","description":"Spindler Restaurant Berlin - Le restaurant brasserie d\u00e9contract\u00e9 \u00e0 Berlin-Kreuzberg sur la rive Paul Lincke","breadcrumb":{"@id":"https:\/\/spindler-berlin.net\/en\/tisch-buchen\/#breadcrumb"},"inLanguage":"fr-FR","potentialAction":[{"@type":"ReadAction","target":["https:\/\/spindler-berlin.net\/en\/tisch-buchen\/"]}]},{"@type":"ImageObject","inLanguage":"fr-FR","@id":"https:\/\/spindler-berlin.net\/en\/tisch-buchen\/#primaryimage","url":"https:\/\/spindler-berlin.net\/wp-content\/uploads\/2023\/06\/SPINDLER-logo-quadrat.jpg","contentUrl":"https:\/\/spindler-berlin.net\/wp-content\/uploads\/2023\/06\/SPINDLER-logo-quadrat.jpg","width":500,"height":500},{"@type":"BreadcrumbList","@id":"https:\/\/spindler-berlin.net\/en\/tisch-buchen\/#breadcrumb","itemListElement":[{"@type":"ListItem","position":1,"name":"Startseite","item":"https:\/\/spindler-berlin.net\/"},{"@type":"ListItem","position":2,"name":"* Tisch buchen"}]},{"@type":"WebSite","@id":"https:\/\/spindler-berlin.net\/#website","url":"https:\/\/spindler-berlin.net\/","name":"SPINDLER Restaurant Berlin","description":"","publisher":{"@id":"https:\/\/spindler-berlin.net\/#organization"},"potentialAction":[{"@type":"SearchAction","target":{"@type":"EntryPoint","urlTemplate":"https:\/\/spindler-berlin.net\/?s={search_term_string}"},"query-input":{"@type":"PropertyValueSpecification","valueRequired":true,"valueName":"search_term_string"}}],"inLanguage":"fr-FR"},{"@type":"Organization","@id":"https:\/\/spindler-berlin.net\/#organization","name":"Spindler Restaurant Berlin","url":"https:\/\/spindler-berlin.net\/","logo":{"@type":"ImageObject","inLanguage":"fr-FR","@id":"https:\/\/spindler-berlin.net\/#\/schema\/logo\/image\/","url":"https:\/\/spindler-berlin.net\/wp-content\/uploads\/2019\/07\/Logo_Spindler-2014_03_17_edit.png","contentUrl":"https:\/\/spindler-berlin.net\/wp-content\/uploads\/2019\/07\/Logo_Spindler-2014_03_17_edit.png","width":536,"height":91,"caption":"Spindler Restaurant Berlin"},"image":{"@id":"https:\/\/spindler-berlin.net\/#\/schema\/logo\/image\/"},"sameAs":["https:\/\/www.facebook.com\/spindler.berlin","https:\/\/www.instagram.com\/spindler.berlin\/"]}]}},"jetpack_sharing_enabled":true,"_links":{"self":[{"href":"https:\/\/spindler-berlin.net\/fr\/wp-json\/wp\/v2\/pages\/10026","targetHints":{"allow":["GET"]}}],"collection":[{"href":"https:\/\/spindler-berlin.net\/fr\/wp-json\/wp\/v2\/pages"}],"about":[{"href":"https:\/\/spindler-berlin.net\/fr\/wp-json\/wp\/v2\/types\/page"}],"author":[{"embeddable":true,"href":"https:\/\/spindler-berlin.net\/fr\/wp-json\/wp\/v2\/users\/5"}],"replies":[{"embeddable":true,"href":"https:\/\/spindler-berlin.net\/fr\/wp-json\/wp\/v2\/comments?post=10026"}],"version-history":[{"count":17,"href":"https:\/\/spindler-berlin.net\/fr\/wp-json\/wp\/v2\/pages\/10026\/revisions"}],"predecessor-version":[{"id":11810,"href":"https:\/\/spindler-berlin.net\/fr\/wp-json\/wp\/v2\/pages\/10026\/revisions\/11810"}],"wp:featuredmedia":[{"embeddable":true,"href":"https:\/\/spindler-berlin.net\/fr\/wp-json\/wp\/v2\/media\/10472"}],"wp:attachment":[{"href":"https:\/\/spindler-berlin.net\/fr\/wp-json\/wp\/v2\/media?parent=10026"}],"curies":[{"name":"wp","href":"https:\/\/api.w.org\/{rel}","templated":true}]}}