{"id":1117,"date":"2019-07-24T13:59:08","date_gmt":"2019-07-24T11:59:08","guid":{"rendered":"http:\/\/www.spindler-berlin.de\/?page_id=1117"},"modified":"2024-01-12T11:37:52","modified_gmt":"2024-01-12T10:37:52","slug":"jobs","status":"publish","type":"page","link":"https:\/\/spindler-berlin.net\/fr\/jobs\/","title":{"rendered":"- Emplois"},"content":{"rendered":"<div data-elementor-type=\"wp-post\" data-elementor-id=\"1117\" class=\"elementor elementor-1117\">\n\t\t\t\t\t\t<section class=\"elementor-section elementor-top-section elementor-element elementor-element-a422ea8 elementor-section-boxed elementor-section-height-default elementor-section-height-default\" data-id=\"a422ea8\" data-element_type=\"section\">\n\t\t\t\t\t\t<div class=\"elementor-container elementor-column-gap-default\">\n\t\t\t\t\t<div class=\"elementor-column elementor-col-100 elementor-top-column elementor-element elementor-element-11f0b84\" data-id=\"11f0b84\" data-element_type=\"column\">\n\t\t\t<div class=\"elementor-widget-wrap\">\n\t\t\t\t\t\t\t<\/div>\n\t\t<\/div>\n\t\t\t\t\t<\/div>\n\t\t<\/section>\n\t\t\t\t<section class=\"elementor-section elementor-top-section elementor-element elementor-element-9193216 elementor-section-full_width elementor-section-height-min-height elementor-section-height-default elementor-section-items-middle\" data-id=\"9193216\" data-element_type=\"section\" data-settings=\"{&quot;background_background&quot;:&quot;classic&quot;}\">\n\t\t\t\t\t\t<div class=\"elementor-container elementor-column-gap-default\">\n\t\t\t\t\t<div class=\"elementor-column elementor-col-100 elementor-top-column elementor-element elementor-element-6ae5fc1\" data-id=\"6ae5fc1\" data-element_type=\"column\">\n\t\t\t<div class=\"elementor-widget-wrap\">\n\t\t\t\t\t\t\t<\/div>\n\t\t<\/div>\n\t\t\t\t\t<\/div>\n\t\t<\/section>\n\t\t\t\t<section class=\"elementor-section elementor-top-section elementor-element elementor-element-6835aac elementor-section-boxed elementor-section-height-default elementor-section-height-default\" data-id=\"6835aac\" data-element_type=\"section\">\n\t\t\t\t\t\t<div class=\"elementor-container elementor-column-gap-default\">\n\t\t\t\t\t<div class=\"elementor-column elementor-col-100 elementor-top-column elementor-element elementor-element-2e9298f\" data-id=\"2e9298f\" data-element_type=\"column\">\n\t\t\t<div class=\"elementor-widget-wrap elementor-element-populated\">\n\t\t\t\t\t\t<div class=\"elementor-element elementor-element-d5db188 elementor-widget elementor-widget-text-editor\" data-id=\"d5db188\" data-element_type=\"widget\" data-widget_type=\"text-editor.default\">\n\t\t\t\t<div class=\"elementor-widget-container\">\n\t\t\t\t\t\t\t\t\t<p><strong>Rejoins l'\u00e9quipe Spindler et renforce-nous dans les activit\u00e9s suivantes<\/strong><\/p><p><strong>Sous-chef de cuisine<\/strong><br \/>m\/f<br \/>Temps plein<\/p><p>\u200b<strong>Chef du petit d\u00e9jeuner<\/strong><br \/>m\/f<br \/>Temps plein<\/p><p><strong>Apprenti en cuisine<\/strong><br \/>m\/f<br \/>Temps plein<\/p><p><strong>Barista <\/strong><br \/>m\/f<br \/>sam &amp; dim | t\u00f4t le matin ou pendant la journ\u00e9e<br \/><strong><br \/>Barman <\/strong><br \/>m\/f<br \/>32 h par semaine<\/p><p><strong>Service<\/strong><br \/>m\/f<br \/>Temps plein<\/p><p><strong>Service<\/strong><br \/>m\/f<br \/>Temps partiel<\/p><p>volontiers aussi des \u00e9tudiants<\/p><p>Facturation \u00e0 l'heure<\/p><p>Si vous \u00eates int\u00e9ress\u00e9(e), n'h\u00e9sitez pas \u00e0 nous envoyer une candidature pertinente avec photo et CV \u00e0 job@spindler-berlin.com<\/p>\t\t\t\t\t\t\t\t<\/div>\n\t\t\t\t<\/div>\n\t\t\t\t\t<\/div>\n\t\t<\/div>\n\t\t\t\t\t<\/div>\n\t\t<\/section>\n\t\t\t\t<section class=\"elementor-section elementor-top-section elementor-element elementor-element-2e47b5f elementor-section-stretched elementor-section-full_width elementor-hidden-desktop elementor-hidden-tablet elementor-section-height-default elementor-section-height-default elementor-invisible\" data-id=\"2e47b5f\" data-element_type=\"section\" id=\"footerbar\" data-settings=\"{&quot;stretch_section&quot;:&quot;section-stretched&quot;,&quot;background_background&quot;:&quot;classic&quot;,&quot;animation&quot;:&quot;fadeInUp&quot;}\">\n\t\t\t\t\t\t<div class=\"elementor-container elementor-column-gap-no\">\n\t\t\t\t\t<div class=\"elementor-column elementor-col-25 elementor-top-column elementor-element elementor-element-4c920b3\" data-id=\"4c920b3\" data-element_type=\"column\">\n\t\t\t<div class=\"elementor-widget-wrap elementor-element-populated\">\n\t\t\t\t\t\t<div class=\"elementor-element elementor-element-6b81a28 elementor-view-default elementor-widget elementor-widget-icon\" data-id=\"6b81a28\" data-element_type=\"widget\" id=\"mail-mobile\" data-widget_type=\"icon.default\">\n\t\t\t\t<div class=\"elementor-widget-container\">\n\t\t\t\t\t\t\t<div class=\"elementor-icon-wrapper\">\n\t\t\t<a class=\"elementor-icon\" href=\"mailto:event@spindler-berlin.com\">\n\t\t\t\t\t\t<\/a>\n\t\t<\/div>\n\t\t\t\t\t\t<\/div>\n\t\t\t\t<\/div>\n\t\t\t\t\t<\/div>\n\t\t<\/div>\n\t\t\t\t<div class=\"elementor-column elementor-col-25 elementor-top-column elementor-element elementor-element-ffee44a\" data-id=\"ffee44a\" data-element_type=\"column\">\n\t\t\t<div class=\"elementor-widget-wrap elementor-element-populated\">\n\t\t\t\t\t\t<div class=\"elementor-element elementor-element-922b6f2 elementor-view-default elementor-widget elementor-widget-icon\" data-id=\"922b6f2\" data-element_type=\"widget\" id=\"marker-mobile\" data-widget_type=\"icon.default\">\n\t\t\t\t<div class=\"elementor-widget-container\">\n\t\t\t\t\t\t\t<div class=\"elementor-icon-wrapper\">\n\t\t\t<a class=\"elementor-icon\" href=\"https:\/\/www.google.de\/maps\/place\/Spindler+Restaurant+Berlin\/@52.4962974,13.4190519,17z\/data=!4m8!1m2!3m1!2sSpindler+Restaurant+Berlin!3m4!1s0x0:0x65dd309f56d77bb0!8m2!3d52.4962975!4d13.4212408\">\n\t\t\t\t\t\t<\/a>\n\t\t<\/div>\n\t\t\t\t\t\t<\/div>\n\t\t\t\t<\/div>\n\t\t\t\t\t<\/div>\n\t\t<\/div>\n\t\t\t\t<div class=\"elementor-column elementor-col-25 elementor-top-column elementor-element elementor-element-1228154\" data-id=\"1228154\" data-element_type=\"column\">\n\t\t\t<div class=\"elementor-widget-wrap elementor-element-populated\">\n\t\t\t\t\t\t<div class=\"elementor-element elementor-element-d0ce133 elementor-view-default elementor-widget elementor-widget-icon\" data-id=\"d0ce133\" data-element_type=\"widget\" id=\"reservierung-mobile\" data-widget_type=\"icon.default\">\n\t\t\t\t<div class=\"elementor-widget-container\">\n\t\t\t\t\t\t\t<div class=\"elementor-icon-wrapper\">\n\t\t\t<a class=\"elementor-icon\" href=\"https:\/\/www.opentable.de\/restref\/client\/?rid=113784&#038;restref=113784\">\n\t\t\t\t\t\t<\/a>\n\t\t<\/div>\n\t\t\t\t\t\t<\/div>\n\t\t\t\t<\/div>\n\t\t\t\t\t<\/div>\n\t\t<\/div>\n\t\t\t\t<div class=\"elementor-column elementor-col-25 elementor-top-column elementor-element elementor-element-9ca1ff4\" data-id=\"9ca1ff4\" data-element_type=\"column\">\n\t\t\t<div class=\"elementor-widget-wrap elementor-element-populated\">\n\t\t\t\t\t\t<div class=\"elementor-element elementor-element-23665cc elementor-view-default elementor-widget elementor-widget-icon\" data-id=\"23665cc\" data-element_type=\"widget\" id=\"phone-mobile\" data-widget_type=\"icon.default\">\n\t\t\t\t<div class=\"elementor-widget-container\">\n\t\t\t\t\t\t\t<div class=\"elementor-icon-wrapper\">\n\t\t\t<a class=\"elementor-icon\" href=\"tel:+493069598880\">\n\t\t\t\t\t\t<\/a>\n\t\t<\/div>\n\t\t\t\t\t\t<\/div>\n\t\t\t\t<\/div>\n\t\t\t\t\t<\/div>\n\t\t<\/div>\n\t\t\t\t\t<\/div>\n\t\t<\/section>\n\t\t\t\t<section class=\"elementor-section elementor-top-section elementor-element elementor-element-670777e elementor-hidden-desktop elementor-hidden-tablet elementor-section-boxed elementor-section-height-default elementor-section-height-default\" data-id=\"670777e\" data-element_type=\"section\" data-settings=\"{&quot;background_background&quot;:&quot;classic&quot;}\">\n\t\t\t\t\t\t<div class=\"elementor-container elementor-column-gap-default\">\n\t\t\t\t\t<div class=\"elementor-column elementor-col-100 elementor-top-column elementor-element elementor-element-21221c2\" data-id=\"21221c2\" data-element_type=\"column\">\n\t\t\t<div class=\"elementor-widget-wrap elementor-element-populated\">\n\t\t\t\t\t\t<div class=\"elementor-element elementor-element-caadbfb elementor-align-center elementor-widget elementor-widget-button\" data-id=\"caadbfb\" data-element_type=\"widget\" data-widget_type=\"button.default\">\n\t\t\t\t<div class=\"elementor-widget-container\">\n\t\t\t\t\t\t\t\t\t<div class=\"elementor-button-wrapper\">\n\t\t\t\t\t<a class=\"elementor-button elementor-button-link elementor-size-md\" href=\"https:\/\/spindler-berlin.net\/fr\/tisch-buchen\/\" rel=\"nofollow\">\n\t\t\t\t\t\t<span class=\"elementor-button-content-wrapper\">\n\t\t\t\t\t\t\t\t\t<span class=\"elementor-button-text\">R\u00e9server une table<\/span>\n\t\t\t\t\t<\/span>\n\t\t\t\t\t<\/a>\n\t\t\t\t<\/div>\n\t\t\t\t\t\t\t\t<\/div>\n\t\t\t\t<\/div>\n\t\t\t\t<div class=\"elementor-element elementor-element-75b06ff elementor-widget elementor-widget-text-editor\" data-id=\"75b06ff\" data-element_type=\"widget\" data-widget_type=\"text-editor.default\">\n\t\t\t\t<div class=\"elementor-widget-container\">\n\t\t\t\t\t\t\t\t\t<p><strong>Spindler<\/strong><br \/>Paul-Lincke-Ufer 42\/43<br \/>10999 Berlin<\/p><p><strong>Nos nouvelles heures d'ouverture :<\/strong><\/p><p>Lun ferm\u00e9<br \/>Mar ferm\u00e9<br \/>mer 18-24<br \/>jeu 18-24<br \/>Ve 18-24<br \/>sam 10-24<br \/>dim 10-24<\/p><p><strong>Bites &amp; Drink<\/strong><br \/>15:30 - 18:00 heures<br \/><strong>Brunch<\/strong><br \/>10:00 - 16:00 heures<br \/><strong>D\u00eener<\/strong><br \/>18:00 - 24:00 heures<\/p><p><a href=\"http:\/\/spindler-berlin.net\/fr\/impressum\/\">Mention d'impression \/ Imprint<\/a><br \/><a href=\"http:\/\/spindler-berlin.net\/fr\/datenschutz\/\">D\u00e9claration de protection des donn\u00e9es<\/a><\/p><p>Contact :<br \/><strong>Restaurant<\/strong><br \/><a href=\"tel:+493069598880\">+49 (0)30 695 988 80<\/a><br \/><a href=\"mailto:eat@spindler-berlin.com\">eat@spindler-berlin.com<\/a><br \/><strong><br \/>Groupes et \u00e9v\u00e9nements :<\/strong><br \/><a href=\"tel:+493069598880\">+49 (0)30 695 988 80<\/a><br \/><a href=\"mailto:event@spindler-berlin.com\">event@spindler-berlin.com<\/a><\/p>\t\t\t\t\t\t\t\t<\/div>\n\t\t\t\t<\/div>\n\t\t\t\t<div class=\"elementor-element elementor-element-cdc329f elementor-widget elementor-widget-image\" data-id=\"cdc329f\" data-element_type=\"widget\" data-widget_type=\"image.default\">\n\t\t\t\t<div class=\"elementor-widget-container\">\n\t\t\t\t\t\t\t\t\t\t\t\t\t\t\t<img fetchpriority=\"high\" decoding=\"async\" width=\"500\" height=\"500\" src=\"https:\/\/spindler-berlin.net\/wp-content\/uploads\/2022\/03\/opentable-2022.png\" class=\"attachment-full size-full wp-image-6741\" alt=\"Spindler Berlin OpenTable Diners Choice 2022\" srcset=\"https:\/\/spindler-berlin.net\/wp-content\/uploads\/2022\/03\/opentable-2022.png 500w, https:\/\/spindler-berlin.net\/wp-content\/uploads\/2022\/03\/opentable-2022-300x300.png 300w, https:\/\/spindler-berlin.net\/wp-content\/uploads\/2022\/03\/opentable-2022-150x150.png 150w, https:\/\/spindler-berlin.net\/wp-content\/uploads\/2022\/03\/opentable-2022-12x12.png 12w\" sizes=\"(max-width: 500px) 100vw, 500px\" \/>\t\t\t\t\t\t\t\t\t\t\t\t\t\t\t<\/div>\n\t\t\t\t<\/div>\n\t\t\t\t<div class=\"elementor-element elementor-element-57f4695 elementor-widget elementor-widget-image\" data-id=\"57f4695\" data-element_type=\"widget\" data-widget_type=\"image.default\">\n\t\t\t\t<div class=\"elementor-widget-container\">\n\t\t\t\t\t\t\t\t\t\t\t\t\t\t\t<img decoding=\"async\" width=\"500\" height=\"707\" src=\"https:\/\/spindler-berlin.net\/wp-content\/uploads\/2021\/07\/RestaurantGuru_Certificate-2021.png\" class=\"attachment-full size-full wp-image-4875\" alt=\"\" srcset=\"https:\/\/spindler-berlin.net\/wp-content\/uploads\/2021\/07\/RestaurantGuru_Certificate-2021.png 500w, https:\/\/spindler-berlin.net\/wp-content\/uploads\/2021\/07\/RestaurantGuru_Certificate-2021-212x300.png 212w, https:\/\/spindler-berlin.net\/wp-content\/uploads\/2021\/07\/RestaurantGuru_Certificate-2021-8x12.png 8w\" sizes=\"(max-width: 500px) 100vw, 500px\" \/>\t\t\t\t\t\t\t\t\t\t\t\t\t\t\t<\/div>\n\t\t\t\t<\/div>\n\t\t\t\t\t<\/div>\n\t\t<\/div>\n\t\t\t\t\t<\/div>\n\t\t<\/section>\n\t\t\t\t<\/div>","protected":false},"excerpt":{"rendered":"<p>Vous \u00eates un(e) employ\u00e9(e) de commerce, un(e) agent de ma\u00eetrise, un(e) responsable d'agence, un(e) responsable d'agence, un(e) responsable d'agence, un(e) responsable d'agence, un(e) responsable d'agence, un(e) responsable d'agence, un(e) responsable d'agence, un(e) responsable d'agence, un(e) responsable d'agence, un(e) responsable d'agence, un(e) responsable d'agence, un(e) responsable d'agence, un(e) responsable d'agence, un(e) responsable d'agence, un(e) responsable d'agence, un(e) responsable d'agence, un(e) responsable d'agence, un(e) responsable d'agence, un(e) responsable d'agence...<\/p>","protected":false},"author":5,"featured_media":10472,"parent":0,"menu_order":0,"comment_status":"closed","ping_status":"closed","template":"elementor_header_footer","meta":{"footnotes":""},"class_list":["post-1117","page","type-page","status-publish","has-post-thumbnail","hentry","entry","has-media"],"yoast_head":"<!-- This site is optimized with the Yoast SEO Premium plugin v25.6 (Yoast SEO v26.7) - https:\/\/yoast.com\/wordpress\/plugins\/seo\/ -->\n<title>SPINDLER Restaurant Berlin - Restaurant Berlin-Kreuzberg - Jobs<\/title>\n<meta name=\"description\" content=\"SPINDLER Restaurant Berlin - Restaurant Klassiker in Berlin Kreuzberg - Brasserie &amp; Grill - Beste marktfrische K\u00fcche - Jobs\" \/>\n<meta name=\"robots\" content=\"index, follow, max-snippet:-1, max-image-preview:large, max-video-preview:-1\" \/>\n<link rel=\"canonical\" href=\"https:\/\/spindler-berlin.net\/fr\/jobs\/\" \/>\n<meta property=\"og:locale\" content=\"fr_FR\" \/>\n<meta property=\"og:type\" content=\"article\" \/>\n<meta property=\"og:title\" content=\"- Jobs\" \/>\n<meta property=\"og:description\" content=\"SPINDLER Restaurant Berlin - Restaurant Klassiker in Berlin Kreuzberg - Brasserie &amp; Grill - Beste marktfrische K\u00fcche - Jobs\" \/>\n<meta property=\"og:url\" content=\"https:\/\/spindler-berlin.net\/fr\/jobs\/\" \/>\n<meta property=\"og:site_name\" content=\"SPINDLER Restaurant Berlin\" \/>\n<meta property=\"article:publisher\" content=\"https:\/\/www.facebook.com\/spindler.berlin\" \/>\n<meta property=\"article:modified_time\" content=\"2024-01-12T10:37:52+00:00\" \/>\n<meta property=\"og:image\" content=\"https:\/\/spindler-berlin.net\/wp-content\/uploads\/2023\/06\/SPINDLER-logo-quadrat.jpg\" \/>\n\t<meta property=\"og:image:width\" content=\"500\" \/>\n\t<meta property=\"og:image:height\" content=\"500\" \/>\n\t<meta property=\"og:image:type\" content=\"image\/jpeg\" \/>\n<meta name=\"twitter:card\" content=\"summary_large_image\" \/>\n<meta name=\"twitter:label1\" content=\"Dur\u00e9e de lecture estim\u00e9e\" \/>\n\t<meta name=\"twitter:data1\" content=\"2 minutes\" \/>\n<script type=\"application\/ld+json\" class=\"yoast-schema-graph\">{\"@context\":\"https:\/\/schema.org\",\"@graph\":[{\"@type\":\"WebPage\",\"@id\":\"https:\/\/spindler-berlin.net\/en\/jobs\/\",\"url\":\"https:\/\/spindler-berlin.net\/en\/jobs\/\",\"name\":\"SPINDLER Restaurant Berlin - Restaurant Berlin-Kreuzberg - Jobs\",\"isPartOf\":{\"@id\":\"https:\/\/spindler-berlin.net\/#website\"},\"primaryImageOfPage\":{\"@id\":\"https:\/\/spindler-berlin.net\/en\/jobs\/#primaryimage\"},\"image\":{\"@id\":\"https:\/\/spindler-berlin.net\/en\/jobs\/#primaryimage\"},\"thumbnailUrl\":\"https:\/\/spindler-berlin.net\/wp-content\/uploads\/2023\/06\/SPINDLER-logo-quadrat.jpg\",\"datePublished\":\"2019-07-24T11:59:08+00:00\",\"dateModified\":\"2024-01-12T10:37:52+00:00\",\"description\":\"SPINDLER Restaurant Berlin - Restaurant Klassiker in Berlin Kreuzberg - Brasserie & Grill - Beste marktfrische K\u00fcche - Jobs\",\"breadcrumb\":{\"@id\":\"https:\/\/spindler-berlin.net\/en\/jobs\/#breadcrumb\"},\"inLanguage\":\"fr-FR\",\"potentialAction\":[{\"@type\":\"ReadAction\",\"target\":[\"https:\/\/spindler-berlin.net\/en\/jobs\/\"]}]},{\"@type\":\"ImageObject\",\"inLanguage\":\"fr-FR\",\"@id\":\"https:\/\/spindler-berlin.net\/en\/jobs\/#primaryimage\",\"url\":\"https:\/\/spindler-berlin.net\/wp-content\/uploads\/2023\/06\/SPINDLER-logo-quadrat.jpg\",\"contentUrl\":\"https:\/\/spindler-berlin.net\/wp-content\/uploads\/2023\/06\/SPINDLER-logo-quadrat.jpg\",\"width\":500,\"height\":500},{\"@type\":\"BreadcrumbList\",\"@id\":\"https:\/\/spindler-berlin.net\/en\/jobs\/#breadcrumb\",\"itemListElement\":[{\"@type\":\"ListItem\",\"position\":1,\"name\":\"Startseite\",\"item\":\"https:\/\/spindler-berlin.net\/\"},{\"@type\":\"ListItem\",\"position\":2,\"name\":\"&#8211; Jobs\"}]},{\"@type\":\"WebSite\",\"@id\":\"https:\/\/spindler-berlin.net\/#website\",\"url\":\"https:\/\/spindler-berlin.net\/\",\"name\":\"SPINDLER Restaurant Berlin\",\"description\":\"\",\"publisher\":{\"@id\":\"https:\/\/spindler-berlin.net\/#organization\"},\"potentialAction\":[{\"@type\":\"SearchAction\",\"target\":{\"@type\":\"EntryPoint\",\"urlTemplate\":\"https:\/\/spindler-berlin.net\/?s={search_term_string}\"},\"query-input\":{\"@type\":\"PropertyValueSpecification\",\"valueRequired\":true,\"valueName\":\"search_term_string\"}}],\"inLanguage\":\"fr-FR\"},{\"@type\":\"Organization\",\"@id\":\"https:\/\/spindler-berlin.net\/#organization\",\"name\":\"Spindler Restaurant Berlin\",\"url\":\"https:\/\/spindler-berlin.net\/\",\"logo\":{\"@type\":\"ImageObject\",\"inLanguage\":\"fr-FR\",\"@id\":\"https:\/\/spindler-berlin.net\/#\/schema\/logo\/image\/\",\"url\":\"https:\/\/spindler-berlin.net\/wp-content\/uploads\/2019\/07\/Logo_Spindler-2014_03_17_edit.png\",\"contentUrl\":\"https:\/\/spindler-berlin.net\/wp-content\/uploads\/2019\/07\/Logo_Spindler-2014_03_17_edit.png\",\"width\":536,\"height\":91,\"caption\":\"Spindler Restaurant Berlin\"},\"image\":{\"@id\":\"https:\/\/spindler-berlin.net\/#\/schema\/logo\/image\/\"},\"sameAs\":[\"https:\/\/www.facebook.com\/spindler.berlin\",\"https:\/\/www.instagram.com\/spindler.berlin\/\"]}]}<\/script>\n<!-- \/ Yoast SEO Premium plugin. -->","yoast_head_json":{"title":"SPINDLER Restaurant Berlin - Restaurant Berlin-Kreuzberg - Emplois","description":"SPINDLER Restaurant Berlin - Restaurant Klassiker \u00e0 Berlin Kreuzberg - Brasserie &amp; Grill - Meilleure cuisine du march\u00e9 - Jobs","robots":{"index":"index","follow":"follow","max-snippet":"max-snippet:-1","max-image-preview":"max-image-preview:large","max-video-preview":"max-video-preview:-1"},"canonical":"https:\/\/spindler-berlin.net\/fr\/jobs\/","og_locale":"fr_FR","og_type":"article","og_title":"- Jobs","og_description":"SPINDLER Restaurant Berlin - Restaurant Klassiker in Berlin Kreuzberg - Brasserie & Grill - Beste marktfrische K\u00fcche - Jobs","og_url":"https:\/\/spindler-berlin.net\/fr\/jobs\/","og_site_name":"SPINDLER Restaurant Berlin","article_publisher":"https:\/\/www.facebook.com\/spindler.berlin","article_modified_time":"2024-01-12T10:37:52+00:00","og_image":[{"width":500,"height":500,"url":"https:\/\/spindler-berlin.net\/wp-content\/uploads\/2023\/06\/SPINDLER-logo-quadrat.jpg","type":"image\/jpeg"}],"twitter_card":"summary_large_image","twitter_misc":{"Dur\u00e9e de lecture estim\u00e9e":"2 minutes"},"schema":{"@context":"https:\/\/schema.org","@graph":[{"@type":"WebPage","@id":"https:\/\/spindler-berlin.net\/en\/jobs\/","url":"https:\/\/spindler-berlin.net\/en\/jobs\/","name":"SPINDLER Restaurant Berlin - Restaurant Berlin-Kreuzberg - Emplois","isPartOf":{"@id":"https:\/\/spindler-berlin.net\/#website"},"primaryImageOfPage":{"@id":"https:\/\/spindler-berlin.net\/en\/jobs\/#primaryimage"},"image":{"@id":"https:\/\/spindler-berlin.net\/en\/jobs\/#primaryimage"},"thumbnailUrl":"https:\/\/spindler-berlin.net\/wp-content\/uploads\/2023\/06\/SPINDLER-logo-quadrat.jpg","datePublished":"2019-07-24T11:59:08+00:00","dateModified":"2024-01-12T10:37:52+00:00","description":"SPINDLER Restaurant Berlin - Restaurant Klassiker \u00e0 Berlin Kreuzberg - Brasserie &amp; Grill - Meilleure cuisine du march\u00e9 - Jobs","breadcrumb":{"@id":"https:\/\/spindler-berlin.net\/en\/jobs\/#breadcrumb"},"inLanguage":"fr-FR","potentialAction":[{"@type":"ReadAction","target":["https:\/\/spindler-berlin.net\/en\/jobs\/"]}]},{"@type":"ImageObject","inLanguage":"fr-FR","@id":"https:\/\/spindler-berlin.net\/en\/jobs\/#primaryimage","url":"https:\/\/spindler-berlin.net\/wp-content\/uploads\/2023\/06\/SPINDLER-logo-quadrat.jpg","contentUrl":"https:\/\/spindler-berlin.net\/wp-content\/uploads\/2023\/06\/SPINDLER-logo-quadrat.jpg","width":500,"height":500},{"@type":"BreadcrumbList","@id":"https:\/\/spindler-berlin.net\/en\/jobs\/#breadcrumb","itemListElement":[{"@type":"ListItem","position":1,"name":"Startseite","item":"https:\/\/spindler-berlin.net\/"},{"@type":"ListItem","position":2,"name":"&#8211; Jobs"}]},{"@type":"WebSite","@id":"https:\/\/spindler-berlin.net\/#website","url":"https:\/\/spindler-berlin.net\/","name":"SPINDLER Restaurant Berlin","description":"","publisher":{"@id":"https:\/\/spindler-berlin.net\/#organization"},"potentialAction":[{"@type":"SearchAction","target":{"@type":"EntryPoint","urlTemplate":"https:\/\/spindler-berlin.net\/?s={search_term_string}"},"query-input":{"@type":"PropertyValueSpecification","valueRequired":true,"valueName":"search_term_string"}}],"inLanguage":"fr-FR"},{"@type":"Organization","@id":"https:\/\/spindler-berlin.net\/#organization","name":"Spindler Restaurant Berlin","url":"https:\/\/spindler-berlin.net\/","logo":{"@type":"ImageObject","inLanguage":"fr-FR","@id":"https:\/\/spindler-berlin.net\/#\/schema\/logo\/image\/","url":"https:\/\/spindler-berlin.net\/wp-content\/uploads\/2019\/07\/Logo_Spindler-2014_03_17_edit.png","contentUrl":"https:\/\/spindler-berlin.net\/wp-content\/uploads\/2019\/07\/Logo_Spindler-2014_03_17_edit.png","width":536,"height":91,"caption":"Spindler Restaurant Berlin"},"image":{"@id":"https:\/\/spindler-berlin.net\/#\/schema\/logo\/image\/"},"sameAs":["https:\/\/www.facebook.com\/spindler.berlin","https:\/\/www.instagram.com\/spindler.berlin\/"]}]}},"jetpack_sharing_enabled":true,"_links":{"self":[{"href":"https:\/\/spindler-berlin.net\/fr\/wp-json\/wp\/v2\/pages\/1117","targetHints":{"allow":["GET"]}}],"collection":[{"href":"https:\/\/spindler-berlin.net\/fr\/wp-json\/wp\/v2\/pages"}],"about":[{"href":"https:\/\/spindler-berlin.net\/fr\/wp-json\/wp\/v2\/types\/page"}],"author":[{"embeddable":true,"href":"https:\/\/spindler-berlin.net\/fr\/wp-json\/wp\/v2\/users\/5"}],"replies":[{"embeddable":true,"href":"https:\/\/spindler-berlin.net\/fr\/wp-json\/wp\/v2\/comments?post=1117"}],"version-history":[{"count":17,"href":"https:\/\/spindler-berlin.net\/fr\/wp-json\/wp\/v2\/pages\/1117\/revisions"}],"predecessor-version":[{"id":12047,"href":"https:\/\/spindler-berlin.net\/fr\/wp-json\/wp\/v2\/pages\/1117\/revisions\/12047"}],"wp:featuredmedia":[{"embeddable":true,"href":"https:\/\/spindler-berlin.net\/fr\/wp-json\/wp\/v2\/media\/10472"}],"wp:attachment":[{"href":"https:\/\/spindler-berlin.net\/fr\/wp-json\/wp\/v2\/media?parent=1117"}],"curies":[{"name":"wp","href":"https:\/\/api.w.org\/{rel}","templated":true}]}}