{"id":1341,"date":"2019-07-31T15:26:48","date_gmt":"2019-07-31T13:26:48","guid":{"rendered":"http:\/\/www.spindler-berlin.de\/?page_id=1341"},"modified":"2024-10-02T12:06:40","modified_gmt":"2024-10-02T10:06:40","slug":"impressum","status":"publish","type":"page","link":"https:\/\/spindler-berlin.net\/fr\/spindler\/impressum\/","title":{"rendered":"* Mentions l\u00e9gales"},"content":{"rendered":"<div data-elementor-type=\"wp-post\" data-elementor-id=\"1341\" class=\"elementor elementor-1341\">\n\t\t\t\t\t\t<section class=\"elementor-section elementor-top-section elementor-element elementor-element-6835aac elementor-section-boxed elementor-section-height-default elementor-section-height-default\" data-id=\"6835aac\" data-element_type=\"section\">\n\t\t\t\t\t\t<div class=\"elementor-container elementor-column-gap-default\">\n\t\t\t\t\t<div class=\"elementor-column elementor-col-100 elementor-top-column elementor-element elementor-element-2e9298f\" data-id=\"2e9298f\" data-element_type=\"column\">\n\t\t\t<div class=\"elementor-widget-wrap elementor-element-populated\">\n\t\t\t\t\t\t<div class=\"elementor-element elementor-element-d5db188 elementor-widget elementor-widget-text-editor\" data-id=\"d5db188\" data-element_type=\"widget\" data-widget_type=\"text-editor.default\">\n\t\t\t\t<div class=\"elementor-widget-container\">\n\t\t\t\t\t\t\t\t\t<p><strong>Mentions l\u00e9gales :<\/strong><\/p>\n<div>Spindler Preis Berlin GmbH &amp; Co. KG<\/div>\n<div>Paul-Lincke-Ufer 42\/43, 10999 Berlin, HRA 57149 B<\/div>\n<div>UST.ID : DE329307708<\/div>\n<div>Compl\u00e9mentaire :&nbsp;<\/div>\n<div>Spindler Preis Verwaltungs GmbH, Berlin HRB 215346 B<\/div>\n<div>Directeur g\u00e9n\u00e9ral : Karolina Preis<\/div>\n<div>\n<p>Tribunal comp\u00e9tent : Tribunal d'instance de Berlin Charlottenburg<\/p>\n<\/div>\n<p><strong>\u00a9 Copyright<br><\/strong><br>Tous les textes, images, fichiers sonores, vid\u00e9os, logos, artworks et designs ainsi que leurs arrangements sont soumis au droit d'auteur et aux autres lois sur la protection de la propri\u00e9t\u00e9 intellectuelle et ne peuvent \u00eatre reproduits, r\u00e9utilis\u00e9s ou utilis\u00e9s \u00e0 des fins commerciales sous quelque forme que ce soit. Certaines images de ce site\/domaine Internet sont soumises aux droits d'auteur de ceux qui les ont mises \u00e0 disposition :<\/p>\n<p>Copyright 2021 Karolina Preis \/ www.karolinapreis.com<br>Copyright 2021 Klaus Lange \/ www.klange.net<\/p>\n<p><strong>Clause de non-responsabilit\u00e9 :<\/strong><\/p>\n<p>Spindler-berlin.com et Spindler-berlin.net contiennent des liens directs ou indirects vers des sites Internet externes de tiers. Seul le fournisseur ou l'exploitant du site Internet est responsable de son contenu. Spindler-berlin.com et Spindler-berlin.net d\u00e9clarent express\u00e9ment par la pr\u00e9sente qu'au moment de l'\u00e9tablissement des liens, aucun contenu ill\u00e9gal n'\u00e9tait identifiable sur les pages li\u00e9es. Les donn\u00e9es des sites web li\u00e9s peuvent \u00eatre modifi\u00e9es \u00e0 tout moment. L'auteur n'a aucune influence sur la conception actuelle et future, les contenus ou la paternit\u00e9 des pages li\u00e9es\/associ\u00e9es.<\/p>\n<p><strong>Ic\u00f4nes utilis\u00e9es<\/strong><\/p>\n<p>Les ic\u00f4nes ou logos utilis\u00e9s sur le site (Facebook, Instagram, Tripadviser, Yelp) proviennent de la source suivante :<\/p>\n<p>Ic\u00f4nes r\u00e9alis\u00e9es par Freepik \u00e0 partir de www.flaticon.com<\/p>\n<p><strong>Protection des donn\u00e9es<\/strong><\/p>\n<p>Dans la mesure o\u00f9 l'offre Internet permet de saisir des donn\u00e9es personnelles ou professionnelles (adresses e-mail, noms, adresses), la divulgation de ces donn\u00e9es par l'utilisateur se fait express\u00e9ment sur une base volontaire. L'utilisation et le paiement de tous les services propos\u00e9s sont \u00e9galement autoris\u00e9s - dans la mesure o\u00f9 cela est techniquement possible et raisonnable - sans indication de telles donn\u00e9es ou en indiquant des donn\u00e9es anonymes ou un pseudonyme.<\/p>\n<p>L'utilisation par des tiers des donn\u00e9es de contact publi\u00e9es dans le cadre des mentions l\u00e9gales ou d'indications comparables, telles que les adresses postales, les num\u00e9ros de t\u00e9l\u00e9phone et de fax ainsi que les adresses e-mail, pour l'envoi d'informations non express\u00e9ment demand\u00e9es est interdite.<\/p>\n<p>Nous nous r\u00e9servons express\u00e9ment le droit d'engager des poursuites judiciaires contre les exp\u00e9diteurs de ce que l'on appelle des spams en cas de violation de cette interdiction.<\/p>\n<p>L'enregistrement dans des bases de donn\u00e9es \u00e9lectroniques ou l'utilisation dans des services en ligne de toutes les informations de Spindler-berlin.com ou Spindler-berlin.net n'est autoris\u00e9 qu'avec l'accord \u00e9crit de Karolina Preis. L'utilisation des textes disponibles sur Spindler-berlin.com ou Spindler-berlin.net, que ce soit en totalit\u00e9 ou en partie, ainsi que des images pr\u00e9sent\u00e9es, n\u00e9cessite une autorisation pr\u00e9alable et \u00e9crite.<\/p>\n<p>Nous nous r\u00e9servons tous les autres droits.<\/p>\t\t\t\t\t\t\t\t<\/div>\n\t\t\t\t<\/div>\n\t\t\t\t\t<\/div>\n\t\t<\/div>\n\t\t\t\t\t<\/div>\n\t\t<\/section>\n\t\t\t\t<section class=\"elementor-section elementor-top-section elementor-element elementor-element-20845cb elementor-hidden-desktop elementor-hidden-tablet elementor-section-boxed elementor-section-height-default elementor-section-height-default\" data-id=\"20845cb\" data-element_type=\"section\" data-settings=\"{&quot;background_background&quot;:&quot;classic&quot;}\">\n\t\t\t\t\t\t<div class=\"elementor-container elementor-column-gap-default\">\n\t\t\t\t\t<div class=\"elementor-column elementor-col-100 elementor-top-column elementor-element elementor-element-5917906\" data-id=\"5917906\" data-element_type=\"column\">\n\t\t\t<div class=\"elementor-widget-wrap elementor-element-populated\">\n\t\t\t\t\t\t<div class=\"elementor-element elementor-element-b26ba8d elementor-align-center elementor-widget elementor-widget-button\" data-id=\"b26ba8d\" data-element_type=\"widget\" data-widget_type=\"button.default\">\n\t\t\t\t<div class=\"elementor-widget-container\">\n\t\t\t\t\t\t\t\t\t<div class=\"elementor-button-wrapper\">\n\t\t\t\t\t<a class=\"elementor-button elementor-button-link elementor-size-md\" href=\"https:\/\/spindler-berlin.net\/fr\/tisch-buchen\/\" rel=\"nofollow\">\n\t\t\t\t\t\t<span class=\"elementor-button-content-wrapper\">\n\t\t\t\t\t\t\t\t\t<span class=\"elementor-button-text\">R\u00e9server une table<\/span>\n\t\t\t\t\t<\/span>\n\t\t\t\t\t<\/a>\n\t\t\t\t<\/div>\n\t\t\t\t\t\t\t\t<\/div>\n\t\t\t\t<\/div>\n\t\t\t\t<div class=\"elementor-element elementor-element-83d290b elementor-widget elementor-widget-text-editor\" data-id=\"83d290b\" data-element_type=\"widget\" data-widget_type=\"text-editor.default\">\n\t\t\t\t<div class=\"elementor-widget-container\">\n\t\t\t\t\t\t\t\t\t<p><strong>Spindler<\/strong><br \/>Paul-Lincke-Ufer 42\/43<br \/>10999 Berlin<\/p><p><strong>Nos nouvelles heures d'ouverture :<\/strong><\/p><p>Lun ferm\u00e9<br \/>Mar ferm\u00e9<br \/>mer 18-24<br \/>jeu 18-24<br \/>Ve 18-24<br \/>sam 10-24<br \/>dim 10-24<\/p><p><strong>Bites \/ Sundowner<br \/><\/strong>sam, dim, jours f\u00e9ri\u00e9s<br \/>16h00 - 18h00<br \/><strong>Brunch<br \/><\/strong>sam, dim, jours f\u00e9ri\u00e9s<br \/>10:00 - 16:00 heures<br \/><strong>D\u00eener<\/strong><br \/>18:00 - 23:00 heures<\/p><p><a href=\"http:\/\/spindler-berlin.net\/fr\/impressum\/\">Mention d'impression \/ Imprint<\/a><br \/><a href=\"http:\/\/spindler-berlin.net\/fr\/datenschutz\/\">D\u00e9claration de protection des donn\u00e9es<\/a><\/p><p>Contact :<br \/><strong>Restaurant<\/strong><br \/><a href=\"tel:+493069598880\">+49 (0)30 695 988 80<\/a><br \/><a href=\"mailto:eat@spindler-berlin.com\">eat@spindler-berlin.com<\/a><br \/><strong><br \/>Groupes et \u00e9v\u00e9nements :<\/strong><br \/><a href=\"tel:+493069598880\">+49 (0)30 695 988 80<\/a><br \/><a href=\"mailto:event@spindler-berlin.com\">event@spindler-berlin.com<\/a>8<\/p>\t\t\t\t\t\t\t\t<\/div>\n\t\t\t\t<\/div>\n\t\t\t\t<div class=\"elementor-element elementor-element-5cac57c elementor-widget elementor-widget-image\" data-id=\"5cac57c\" data-element_type=\"widget\" data-widget_type=\"image.default\">\n\t\t\t\t<div class=\"elementor-widget-container\">\n\t\t\t\t\t\t\t\t\t\t\t\t\t\t\t<img fetchpriority=\"high\" decoding=\"async\" width=\"1080\" height=\"1080\" src=\"https:\/\/spindler-berlin.net\/wp-content\/uploads\/2024\/10\/Dinners-choice-2024-logo.png\" class=\"attachment-full size-full wp-image-12171\" alt=\"\" srcset=\"https:\/\/spindler-berlin.net\/wp-content\/uploads\/2024\/10\/Dinners-choice-2024-logo.png 1080w, https:\/\/spindler-berlin.net\/wp-content\/uploads\/2024\/10\/Dinners-choice-2024-logo-300x300.png 300w, https:\/\/spindler-berlin.net\/wp-content\/uploads\/2024\/10\/Dinners-choice-2024-logo-150x150.png 150w, https:\/\/spindler-berlin.net\/wp-content\/uploads\/2024\/10\/Dinners-choice-2024-logo-768x768.png 768w, https:\/\/spindler-berlin.net\/wp-content\/uploads\/2024\/10\/Dinners-choice-2024-logo-12x12.png 12w, https:\/\/spindler-berlin.net\/wp-content\/uploads\/2024\/10\/Dinners-choice-2024-logo-600x600.png 600w\" sizes=\"(max-width: 1080px) 100vw, 1080px\" \/>\t\t\t\t\t\t\t\t\t\t\t\t\t\t\t<\/div>\n\t\t\t\t<\/div>\n\t\t\t\t<div class=\"elementor-element elementor-element-3ef6f94 elementor-widget elementor-widget-image\" data-id=\"3ef6f94\" data-element_type=\"widget\" data-widget_type=\"image.default\">\n\t\t\t\t<div class=\"elementor-widget-container\">\n\t\t\t\t\t\t\t\t\t\t\t\t\t\t\t<img decoding=\"async\" width=\"500\" height=\"707\" src=\"https:\/\/spindler-berlin.net\/wp-content\/uploads\/2021\/07\/RestaurantGuru_Certificate-2021.png\" class=\"attachment-full size-full wp-image-4875\" alt=\"\" srcset=\"https:\/\/spindler-berlin.net\/wp-content\/uploads\/2021\/07\/RestaurantGuru_Certificate-2021.png 500w, https:\/\/spindler-berlin.net\/wp-content\/uploads\/2021\/07\/RestaurantGuru_Certificate-2021-212x300.png 212w, https:\/\/spindler-berlin.net\/wp-content\/uploads\/2021\/07\/RestaurantGuru_Certificate-2021-8x12.png 8w\" sizes=\"(max-width: 500px) 100vw, 500px\" \/>\t\t\t\t\t\t\t\t\t\t\t\t\t\t\t<\/div>\n\t\t\t\t<\/div>\n\t\t\t\t\t<\/div>\n\t\t<\/div>\n\t\t\t\t\t<\/div>\n\t\t<\/section>\n\t\t\t\t<\/div>","protected":false},"excerpt":{"rendered":"<p>Mention d'impression : Spindler Preis Berlin GmbH &amp; Co. KG Paul-Lincke-Ufer 42\/43, 10999 Berlin, HRA 57149 B UST.ID : DE329307708 Commandit\u00e9 : Spindler Preis Verwaltungs GmbH, Berlin HRB 215346 B G\u00e9rant : Karolina Preis Juridiction : Tribunal d'instance de Berlin Charlottenburg \u00a9 CopyrightTous les textes, images, fichiers sonores, vid\u00e9os, logos, artworks et designs ainsi que leurs arrangements sont soumis au droit d'auteur et aux autres lois sur la protection intellectuelle [...].<\/p>","protected":false},"author":5,"featured_media":10472,"parent":776,"menu_order":0,"comment_status":"closed","ping_status":"closed","template":"elementor_header_footer","meta":{"footnotes":""},"class_list":["post-1341","page","type-page","status-publish","has-post-thumbnail","hentry","entry","has-media"],"yoast_head":"<!-- This site is optimized with the Yoast SEO Premium plugin v25.6 (Yoast SEO v26.7) - https:\/\/yoast.com\/wordpress\/plugins\/seo\/ -->\n<title>SPINDLER Restaurant Berlin - Brasserie Restaurant Berlin-Kreuzberg<\/title>\n<meta name=\"description\" content=\"SPINDLER Restaurant Berlin - Restaurant Klassiker in Berlin Kreuzberg - Brasserie &amp; Grill - Beste marktfrische K\u00fcche - Impressum\" \/>\n<meta name=\"robots\" content=\"noindex, nofollow\" \/>\n<meta property=\"og:locale\" content=\"fr_FR\" \/>\n<meta property=\"og:type\" content=\"article\" \/>\n<meta property=\"og:title\" content=\"* Impressum\" \/>\n<meta property=\"og:description\" content=\"SPINDLER Restaurant Berlin - Restaurant Klassiker in Berlin Kreuzberg - Brasserie &amp; Grill - Beste marktfrische K\u00fcche - Impressum\" \/>\n<meta property=\"og:url\" content=\"https:\/\/spindler-berlin.net\/fr\/spindler\/impressum\/\" \/>\n<meta property=\"og:site_name\" content=\"SPINDLER Restaurant Berlin\" \/>\n<meta property=\"article:publisher\" content=\"https:\/\/www.facebook.com\/spindler.berlin\" \/>\n<meta property=\"article:modified_time\" content=\"2024-10-02T10:06:40+00:00\" \/>\n<meta property=\"og:image\" content=\"https:\/\/spindler-berlin.net\/wp-content\/uploads\/2023\/06\/SPINDLER-logo-quadrat.jpg\" \/>\n\t<meta property=\"og:image:width\" content=\"500\" \/>\n\t<meta property=\"og:image:height\" content=\"500\" \/>\n\t<meta property=\"og:image:type\" content=\"image\/jpeg\" \/>\n<meta name=\"twitter:card\" content=\"summary_large_image\" \/>\n<meta name=\"twitter:label1\" content=\"Dur\u00e9e de lecture estim\u00e9e\" \/>\n\t<meta name=\"twitter:data1\" content=\"3 minutes\" \/>\n<script type=\"application\/ld+json\" class=\"yoast-schema-graph\">{\"@context\":\"https:\/\/schema.org\",\"@graph\":[{\"@type\":\"WebPage\",\"@id\":\"https:\/\/spindler-berlin.net\/fr\/spindler\/impressum\/\",\"url\":\"https:\/\/spindler-berlin.net\/fr\/spindler\/impressum\/\",\"name\":\"SPINDLER Restaurant Berlin - Brasserie Restaurant Berlin-Kreuzberg\",\"isPartOf\":{\"@id\":\"https:\/\/spindler-berlin.net\/#website\"},\"primaryImageOfPage\":{\"@id\":\"https:\/\/spindler-berlin.net\/fr\/spindler\/impressum\/#primaryimage\"},\"image\":{\"@id\":\"https:\/\/spindler-berlin.net\/fr\/spindler\/impressum\/#primaryimage\"},\"thumbnailUrl\":\"https:\/\/spindler-berlin.net\/wp-content\/uploads\/2023\/06\/SPINDLER-logo-quadrat.jpg\",\"datePublished\":\"2019-07-31T13:26:48+00:00\",\"dateModified\":\"2024-10-02T10:06:40+00:00\",\"description\":\"SPINDLER Restaurant Berlin - Restaurant Klassiker in Berlin Kreuzberg - Brasserie & Grill - Beste marktfrische K\u00fcche - Impressum\",\"breadcrumb\":{\"@id\":\"https:\/\/spindler-berlin.net\/fr\/spindler\/impressum\/#breadcrumb\"},\"inLanguage\":\"fr-FR\",\"potentialAction\":[{\"@type\":\"ReadAction\",\"target\":[\"https:\/\/spindler-berlin.net\/fr\/spindler\/impressum\/\"]}]},{\"@type\":\"ImageObject\",\"inLanguage\":\"fr-FR\",\"@id\":\"https:\/\/spindler-berlin.net\/fr\/spindler\/impressum\/#primaryimage\",\"url\":\"https:\/\/spindler-berlin.net\/wp-content\/uploads\/2023\/06\/SPINDLER-logo-quadrat.jpg\",\"contentUrl\":\"https:\/\/spindler-berlin.net\/wp-content\/uploads\/2023\/06\/SPINDLER-logo-quadrat.jpg\",\"width\":500,\"height\":500},{\"@type\":\"BreadcrumbList\",\"@id\":\"https:\/\/spindler-berlin.net\/fr\/spindler\/impressum\/#breadcrumb\",\"itemListElement\":[{\"@type\":\"ListItem\",\"position\":1,\"name\":\"Startseite\",\"item\":\"https:\/\/spindler-berlin.net\/\"},{\"@type\":\"ListItem\",\"position\":2,\"name\":\"* Startseite\",\"item\":\"https:\/\/spindler-berlin.net\/\"},{\"@type\":\"ListItem\",\"position\":3,\"name\":\"* Impressum\"}]},{\"@type\":\"WebSite\",\"@id\":\"https:\/\/spindler-berlin.net\/#website\",\"url\":\"https:\/\/spindler-berlin.net\/\",\"name\":\"SPINDLER Restaurant Berlin\",\"description\":\"\",\"publisher\":{\"@id\":\"https:\/\/spindler-berlin.net\/#organization\"},\"potentialAction\":[{\"@type\":\"SearchAction\",\"target\":{\"@type\":\"EntryPoint\",\"urlTemplate\":\"https:\/\/spindler-berlin.net\/?s={search_term_string}\"},\"query-input\":{\"@type\":\"PropertyValueSpecification\",\"valueRequired\":true,\"valueName\":\"search_term_string\"}}],\"inLanguage\":\"fr-FR\"},{\"@type\":\"Organization\",\"@id\":\"https:\/\/spindler-berlin.net\/#organization\",\"name\":\"Spindler Restaurant Berlin\",\"url\":\"https:\/\/spindler-berlin.net\/\",\"logo\":{\"@type\":\"ImageObject\",\"inLanguage\":\"fr-FR\",\"@id\":\"https:\/\/spindler-berlin.net\/#\/schema\/logo\/image\/\",\"url\":\"https:\/\/spindler-berlin.net\/wp-content\/uploads\/2019\/07\/Logo_Spindler-2014_03_17_edit.png\",\"contentUrl\":\"https:\/\/spindler-berlin.net\/wp-content\/uploads\/2019\/07\/Logo_Spindler-2014_03_17_edit.png\",\"width\":536,\"height\":91,\"caption\":\"Spindler Restaurant Berlin\"},\"image\":{\"@id\":\"https:\/\/spindler-berlin.net\/#\/schema\/logo\/image\/\"},\"sameAs\":[\"https:\/\/www.facebook.com\/spindler.berlin\",\"https:\/\/www.instagram.com\/spindler.berlin\/\"]}]}<\/script>\n<!-- \/ Yoast SEO Premium plugin. -->","yoast_head_json":{"title":"SPINDLER Restaurant Berlin - Brasserie Restaurant Berlin-Kreuzberg","description":"SPINDLER Restaurant Berlin - Restaurant Klassiker \u00e0 Berlin Kreuzberg - Brasserie &amp; Grill - La meilleure cuisine du march\u00e9 - Mentions l\u00e9gales","robots":{"index":"noindex","follow":"nofollow"},"og_locale":"fr_FR","og_type":"article","og_title":"* Impressum","og_description":"SPINDLER Restaurant Berlin - Restaurant Klassiker in Berlin Kreuzberg - Brasserie & Grill - Beste marktfrische K\u00fcche - Impressum","og_url":"https:\/\/spindler-berlin.net\/fr\/spindler\/impressum\/","og_site_name":"SPINDLER Restaurant Berlin","article_publisher":"https:\/\/www.facebook.com\/spindler.berlin","article_modified_time":"2024-10-02T10:06:40+00:00","og_image":[{"width":500,"height":500,"url":"https:\/\/spindler-berlin.net\/wp-content\/uploads\/2023\/06\/SPINDLER-logo-quadrat.jpg","type":"image\/jpeg"}],"twitter_card":"summary_large_image","twitter_misc":{"Dur\u00e9e de lecture estim\u00e9e":"3 minutes"},"schema":{"@context":"https:\/\/schema.org","@graph":[{"@type":"WebPage","@id":"https:\/\/spindler-berlin.net\/fr\/spindler\/impressum\/","url":"https:\/\/spindler-berlin.net\/fr\/spindler\/impressum\/","name":"SPINDLER Restaurant Berlin - Brasserie Restaurant Berlin-Kreuzberg","isPartOf":{"@id":"https:\/\/spindler-berlin.net\/#website"},"primaryImageOfPage":{"@id":"https:\/\/spindler-berlin.net\/fr\/spindler\/impressum\/#primaryimage"},"image":{"@id":"https:\/\/spindler-berlin.net\/fr\/spindler\/impressum\/#primaryimage"},"thumbnailUrl":"https:\/\/spindler-berlin.net\/wp-content\/uploads\/2023\/06\/SPINDLER-logo-quadrat.jpg","datePublished":"2019-07-31T13:26:48+00:00","dateModified":"2024-10-02T10:06:40+00:00","description":"SPINDLER Restaurant Berlin - Restaurant Klassiker \u00e0 Berlin Kreuzberg - Brasserie &amp; Grill - La meilleure cuisine du march\u00e9 - Mentions l\u00e9gales","breadcrumb":{"@id":"https:\/\/spindler-berlin.net\/fr\/spindler\/impressum\/#breadcrumb"},"inLanguage":"fr-FR","potentialAction":[{"@type":"ReadAction","target":["https:\/\/spindler-berlin.net\/fr\/spindler\/impressum\/"]}]},{"@type":"ImageObject","inLanguage":"fr-FR","@id":"https:\/\/spindler-berlin.net\/fr\/spindler\/impressum\/#primaryimage","url":"https:\/\/spindler-berlin.net\/wp-content\/uploads\/2023\/06\/SPINDLER-logo-quadrat.jpg","contentUrl":"https:\/\/spindler-berlin.net\/wp-content\/uploads\/2023\/06\/SPINDLER-logo-quadrat.jpg","width":500,"height":500},{"@type":"BreadcrumbList","@id":"https:\/\/spindler-berlin.net\/fr\/spindler\/impressum\/#breadcrumb","itemListElement":[{"@type":"ListItem","position":1,"name":"Startseite","item":"https:\/\/spindler-berlin.net\/"},{"@type":"ListItem","position":2,"name":"* Startseite","item":"https:\/\/spindler-berlin.net\/"},{"@type":"ListItem","position":3,"name":"* Impressum"}]},{"@type":"WebSite","@id":"https:\/\/spindler-berlin.net\/#website","url":"https:\/\/spindler-berlin.net\/","name":"SPINDLER Restaurant Berlin","description":"","publisher":{"@id":"https:\/\/spindler-berlin.net\/#organization"},"potentialAction":[{"@type":"SearchAction","target":{"@type":"EntryPoint","urlTemplate":"https:\/\/spindler-berlin.net\/?s={search_term_string}"},"query-input":{"@type":"PropertyValueSpecification","valueRequired":true,"valueName":"search_term_string"}}],"inLanguage":"fr-FR"},{"@type":"Organization","@id":"https:\/\/spindler-berlin.net\/#organization","name":"Spindler Restaurant Berlin","url":"https:\/\/spindler-berlin.net\/","logo":{"@type":"ImageObject","inLanguage":"fr-FR","@id":"https:\/\/spindler-berlin.net\/#\/schema\/logo\/image\/","url":"https:\/\/spindler-berlin.net\/wp-content\/uploads\/2019\/07\/Logo_Spindler-2014_03_17_edit.png","contentUrl":"https:\/\/spindler-berlin.net\/wp-content\/uploads\/2019\/07\/Logo_Spindler-2014_03_17_edit.png","width":536,"height":91,"caption":"Spindler Restaurant Berlin"},"image":{"@id":"https:\/\/spindler-berlin.net\/#\/schema\/logo\/image\/"},"sameAs":["https:\/\/www.facebook.com\/spindler.berlin","https:\/\/www.instagram.com\/spindler.berlin\/"]}]}},"jetpack_sharing_enabled":true,"_links":{"self":[{"href":"https:\/\/spindler-berlin.net\/fr\/wp-json\/wp\/v2\/pages\/1341","targetHints":{"allow":["GET"]}}],"collection":[{"href":"https:\/\/spindler-berlin.net\/fr\/wp-json\/wp\/v2\/pages"}],"about":[{"href":"https:\/\/spindler-berlin.net\/fr\/wp-json\/wp\/v2\/types\/page"}],"author":[{"embeddable":true,"href":"https:\/\/spindler-berlin.net\/fr\/wp-json\/wp\/v2\/users\/5"}],"replies":[{"embeddable":true,"href":"https:\/\/spindler-berlin.net\/fr\/wp-json\/wp\/v2\/comments?post=1341"}],"version-history":[{"count":37,"href":"https:\/\/spindler-berlin.net\/fr\/wp-json\/wp\/v2\/pages\/1341\/revisions"}],"predecessor-version":[{"id":12190,"href":"https:\/\/spindler-berlin.net\/fr\/wp-json\/wp\/v2\/pages\/1341\/revisions\/12190"}],"up":[{"embeddable":true,"href":"https:\/\/spindler-berlin.net\/fr\/wp-json\/wp\/v2\/pages\/776"}],"wp:featuredmedia":[{"embeddable":true,"href":"https:\/\/spindler-berlin.net\/fr\/wp-json\/wp\/v2\/media\/10472"}],"wp:attachment":[{"href":"https:\/\/spindler-berlin.net\/fr\/wp-json\/wp\/v2\/media?parent=1341"}],"curies":[{"name":"wp","href":"https:\/\/api.w.org\/{rel}","templated":true}]}}