{"id":966,"date":"2019-07-21T12:32:27","date_gmt":"2019-07-21T10:32:27","guid":{"rendered":"http:\/\/www.spindler-berlin.de\/?page_id=966"},"modified":"2025-11-09T12:22:54","modified_gmt":"2025-11-09T11:22:54","slug":"reservierung","status":"publish","type":"page","link":"https:\/\/spindler-berlin.net\/fr\/spindler\/reservierung\/","title":{"rendered":"* R\u00e9servation"},"content":{"rendered":"<div data-elementor-type=\"wp-post\" data-elementor-id=\"966\" class=\"elementor elementor-966\">\n\t\t\t\t\t\t<section class=\"elementor-section elementor-top-section elementor-element elementor-element-9193216 elementor-section-full_width elementor-section-height-min-height elementor-section-height-default elementor-section-items-middle\" data-id=\"9193216\" data-element_type=\"section\" data-settings=\"{&quot;background_background&quot;:&quot;classic&quot;}\">\n\t\t\t\t\t\t<div class=\"elementor-container elementor-column-gap-default\">\n\t\t\t\t\t<div class=\"elementor-column elementor-col-100 elementor-top-column elementor-element elementor-element-6ae5fc1\" data-id=\"6ae5fc1\" data-element_type=\"column\">\n\t\t\t<div class=\"elementor-widget-wrap\">\n\t\t\t\t\t\t\t<\/div>\n\t\t<\/div>\n\t\t\t\t\t<\/div>\n\t\t<\/section>\n\t\t\t\t<section class=\"elementor-section elementor-top-section elementor-element elementor-element-5771883 elementor-section-height-min-height elementor-section-boxed elementor-section-height-default elementor-section-items-middle\" data-id=\"5771883\" data-element_type=\"section\">\n\t\t\t\t\t\t<div class=\"elementor-container elementor-column-gap-default\">\n\t\t\t\t\t<div class=\"elementor-column elementor-col-50 elementor-top-column elementor-element elementor-element-9c465f4\" data-id=\"9c465f4\" data-element_type=\"column\">\n\t\t\t<div class=\"elementor-widget-wrap elementor-element-populated\">\n\t\t\t\t\t\t<div class=\"elementor-element elementor-element-132f047 elementor-widget elementor-widget-text-editor\" data-id=\"132f047\" data-element_type=\"widget\" data-widget_type=\"text-editor.default\">\n\t\t\t\t<div class=\"elementor-widget-container\">\n\t\t\t\t\t\t\t\t\t<p>Veuillez noter que<br \/>&#8220;A la carte&#8221; Reservierungen sind bis 8 Personen m\u00f6glich. F\u00fcr gr\u00f6\u00dfere Gruppen oder Veranstaltungsanfragen sende uns bitte eine Anfrage per eMail oder kontaktiere uns telefonisch.<\/p><p><a href=\"mailto:event@spindler-berlin.com\">event@spindler-berlin.com<\/a> | <a href=\"tel:+493069598880\">+49 (0)30 695 988 80<\/a><\/p><p>... ou utilise ce lien : <a href=\"http:\/\/spindler-berlin.net\/fr\/gruppen\/\"><strong>Groupes &amp; \u00e9v\u00e9nements<\/strong><\/a><\/p>\t\t\t\t\t\t\t\t<\/div>\n\t\t\t\t<\/div>\n\t\t\t\t\t<\/div>\n\t\t<\/div>\n\t\t\t\t<div class=\"elementor-column elementor-col-50 elementor-top-column elementor-element elementor-element-8f8b9ae\" data-id=\"8f8b9ae\" data-element_type=\"column\">\n\t\t\t<div class=\"elementor-widget-wrap elementor-element-populated\">\n\t\t\t\t\t\t<div class=\"elementor-element elementor-element-c76ef78 elementor-widget elementor-widget-text-editor\" data-id=\"c76ef78\" data-element_type=\"widget\" data-widget_type=\"text-editor.default\">\n\t\t\t\t<div class=\"elementor-widget-container\">\n\t\t\t\t\t\t\t\t\t<p><strong>Utilise la r\u00e9servation en ligne ou<br \/>r\u00e9serve maintenant par t\u00e9l\u00e9phone<\/strong><\/p><p><a href=\"tel:+493069598880\">+49 (0)30 695 988 80<\/a><\/p>\t\t\t\t\t\t\t\t<\/div>\n\t\t\t\t<\/div>\n\t\t\t\t<div class=\"elementor-element elementor-element-3bc11db elementor-align-center elementor-widget elementor-widget-button\" data-id=\"3bc11db\" data-element_type=\"widget\" data-widget_type=\"button.default\">\n\t\t\t\t<div class=\"elementor-widget-container\">\n\t\t\t\t\t\t\t\t\t<div class=\"elementor-button-wrapper\">\n\t\t\t\t\t<a class=\"elementor-button elementor-button-link elementor-size-md\" href=\"https:\/\/spindler-berlin.net\/fr\/tisch-buchen\/\">\n\t\t\t\t\t\t<span class=\"elementor-button-content-wrapper\">\n\t\t\t\t\t\t\t\t\t<span class=\"elementor-button-text\">R\u00e9server une table<\/span>\n\t\t\t\t\t<\/span>\n\t\t\t\t\t<\/a>\n\t\t\t\t<\/div>\n\t\t\t\t\t\t\t\t<\/div>\n\t\t\t\t<\/div>\n\t\t\t\t\t<\/div>\n\t\t<\/div>\n\t\t\t\t\t<\/div>\n\t\t<\/section>\n\t\t\t\t<section class=\"elementor-section elementor-top-section elementor-element elementor-element-1b47da7 elementor-section-full_width elementor-section-height-min-height elementor-section-height-default elementor-section-items-middle\" data-id=\"1b47da7\" data-element_type=\"section\" data-settings=\"{&quot;background_background&quot;:&quot;classic&quot;}\">\n\t\t\t\t\t\t<div class=\"elementor-container elementor-column-gap-default\">\n\t\t\t\t\t<div class=\"elementor-column elementor-col-100 elementor-top-column elementor-element elementor-element-a5657f5\" data-id=\"a5657f5\" data-element_type=\"column\">\n\t\t\t<div class=\"elementor-widget-wrap\">\n\t\t\t\t\t\t\t<\/div>\n\t\t<\/div>\n\t\t\t\t\t<\/div>\n\t\t<\/section>\n\t\t\t\t<section class=\"elementor-section elementor-top-section elementor-element elementor-element-4ce2f14 elementor-hidden-desktop elementor-hidden-tablet elementor-section-boxed elementor-section-height-default elementor-section-height-default\" data-id=\"4ce2f14\" data-element_type=\"section\" data-settings=\"{&quot;background_background&quot;:&quot;classic&quot;}\">\n\t\t\t\t\t\t<div class=\"elementor-container elementor-column-gap-default\">\n\t\t\t\t\t<div class=\"elementor-column elementor-col-100 elementor-top-column elementor-element elementor-element-91d70ec\" data-id=\"91d70ec\" data-element_type=\"column\">\n\t\t\t<div class=\"elementor-widget-wrap elementor-element-populated\">\n\t\t\t\t\t\t<div class=\"elementor-element elementor-element-a2d8916 elementor-align-center elementor-widget elementor-widget-button\" data-id=\"a2d8916\" data-element_type=\"widget\" data-widget_type=\"button.default\">\n\t\t\t\t<div class=\"elementor-widget-container\">\n\t\t\t\t\t\t\t\t\t<div class=\"elementor-button-wrapper\">\n\t\t\t\t\t<a class=\"elementor-button elementor-button-link elementor-size-md\" href=\"https:\/\/spindler-berlin.net\/fr\/tisch-buchen\/\" rel=\"nofollow\">\n\t\t\t\t\t\t<span class=\"elementor-button-content-wrapper\">\n\t\t\t\t\t\t\t\t\t<span class=\"elementor-button-text\">R\u00e9server une table<\/span>\n\t\t\t\t\t<\/span>\n\t\t\t\t\t<\/a>\n\t\t\t\t<\/div>\n\t\t\t\t\t\t\t\t<\/div>\n\t\t\t\t<\/div>\n\t\t\t\t<div class=\"elementor-element elementor-element-6ce9e9d elementor-widget elementor-widget-text-editor\" data-id=\"6ce9e9d\" data-element_type=\"widget\" data-widget_type=\"text-editor.default\">\n\t\t\t\t<div class=\"elementor-widget-container\">\n\t\t\t\t\t\t\t\t\t<p><strong>Spindler<\/strong><br \/>Paul-Lincke-Ufer 42\/43<br \/>10999 Berlin<\/p><p><strong>Nos nouvelles heures d'ouverture :<\/strong><\/p><p>Lun ferm\u00e9<br \/>Mar ferm\u00e9<br \/>mer 18-24<br \/>jeu 18-24<br \/>Ve 18-24<br \/>sam 10-24<br \/>dim 10-24<\/p><p><strong>Bites \/ Sundowner<br \/><\/strong>sam, dim, jours f\u00e9ri\u00e9s<br \/>16h00 - 18h00<br \/><strong>Brunch<br \/><\/strong>sam, dim, jours f\u00e9ri\u00e9s<br \/>10:00 - 16:00 heures<br \/><strong>D\u00eener<\/strong><br \/>18:00 - 23:00 heures<\/p><p><a href=\"http:\/\/spindler-berlin.net\/fr\/impressum\/\">Mention d'impression \/ Imprint<\/a><br \/><a href=\"http:\/\/spindler-berlin.net\/fr\/datenschutz\/\">D\u00e9claration de protection des donn\u00e9es<\/a><\/p><p>Contact :<br \/><strong>Restaurant<\/strong><br \/><a href=\"tel:+493069598880\">+49 (0)30 695 988 80<\/a><br \/><a href=\"mailto:eat@spindler-berlin.com\">eat@spindler-berlin.com<\/a><br \/><strong><br \/>Groupes et \u00e9v\u00e9nements :<\/strong><br \/><a href=\"tel:+493069598880\">+49 (0)30 695 988 80<\/a><br \/><a href=\"mailto:event@spindler-berlin.com\">event@spindler-berlin.com<\/a>8<\/p>\t\t\t\t\t\t\t\t<\/div>\n\t\t\t\t<\/div>\n\t\t\t\t<div class=\"elementor-element elementor-element-122b019 elementor-widget elementor-widget-image\" data-id=\"122b019\" data-element_type=\"widget\" data-widget_type=\"image.default\">\n\t\t\t\t<div class=\"elementor-widget-container\">\n\t\t\t\t\t\t\t\t\t\t\t\t\t\t\t<img fetchpriority=\"high\" decoding=\"async\" width=\"1080\" height=\"1080\" src=\"https:\/\/spindler-berlin.net\/wp-content\/uploads\/2024\/10\/Dinners-choice-2024-logo.png\" class=\"attachment-full size-full wp-image-12171\" alt=\"\" srcset=\"https:\/\/spindler-berlin.net\/wp-content\/uploads\/2024\/10\/Dinners-choice-2024-logo.png 1080w, https:\/\/spindler-berlin.net\/wp-content\/uploads\/2024\/10\/Dinners-choice-2024-logo-300x300.png 300w, https:\/\/spindler-berlin.net\/wp-content\/uploads\/2024\/10\/Dinners-choice-2024-logo-150x150.png 150w, https:\/\/spindler-berlin.net\/wp-content\/uploads\/2024\/10\/Dinners-choice-2024-logo-768x768.png 768w, https:\/\/spindler-berlin.net\/wp-content\/uploads\/2024\/10\/Dinners-choice-2024-logo-12x12.png 12w, https:\/\/spindler-berlin.net\/wp-content\/uploads\/2024\/10\/Dinners-choice-2024-logo-600x600.png 600w\" sizes=\"(max-width: 1080px) 100vw, 1080px\" \/>\t\t\t\t\t\t\t\t\t\t\t\t\t\t\t<\/div>\n\t\t\t\t<\/div>\n\t\t\t\t<div class=\"elementor-element elementor-element-920cbdf elementor-widget elementor-widget-image\" data-id=\"920cbdf\" data-element_type=\"widget\" data-widget_type=\"image.default\">\n\t\t\t\t<div class=\"elementor-widget-container\">\n\t\t\t\t\t\t\t\t\t\t\t\t\t\t\t<img decoding=\"async\" width=\"2048\" height=\"2897\" src=\"https:\/\/spindler-berlin.net\/wp-content\/uploads\/2024\/10\/RestaurantGuru_Certificate_2024-de.png\" class=\"attachment-full size-full wp-image-12227\" alt=\"\" srcset=\"https:\/\/spindler-berlin.net\/wp-content\/uploads\/2024\/10\/RestaurantGuru_Certificate_2024-de.png 2048w, https:\/\/spindler-berlin.net\/wp-content\/uploads\/2024\/10\/RestaurantGuru_Certificate_2024-de-212x300.png 212w, https:\/\/spindler-berlin.net\/wp-content\/uploads\/2024\/10\/RestaurantGuru_Certificate_2024-de-764x1080.png 764w, https:\/\/spindler-berlin.net\/wp-content\/uploads\/2024\/10\/RestaurantGuru_Certificate_2024-de-768x1086.png 768w, https:\/\/spindler-berlin.net\/wp-content\/uploads\/2024\/10\/RestaurantGuru_Certificate_2024-de-1086x1536.png 1086w, https:\/\/spindler-berlin.net\/wp-content\/uploads\/2024\/10\/RestaurantGuru_Certificate_2024-de-1448x2048.png 1448w, https:\/\/spindler-berlin.net\/wp-content\/uploads\/2024\/10\/RestaurantGuru_Certificate_2024-de-8x12.png 8w\" sizes=\"(max-width: 2048px) 100vw, 2048px\" \/>\t\t\t\t\t\t\t\t\t\t\t\t\t\t\t<\/div>\n\t\t\t\t<\/div>\n\t\t\t\t\t<\/div>\n\t\t<\/div>\n\t\t\t\t\t<\/div>\n\t\t<\/section>\n\t\t\t\t<\/div>","protected":false},"excerpt":{"rendered":"<p>Attention : les r\u00e9servations \"\u00e0 la carte\" sont possibles jusqu'\u00e0 8 personnes. Pour les groupes plus importants ou les demandes d'\u00e9v\u00e9nements, envoyez-nous une demande par e-mail ou contactez-nous par t\u00e9l\u00e9phone. event@spindler-berlin.com | +49 (0)30 695 988 80 ... ou utilisez ce lien : Groupes &amp; Ev\u00e9nements Utilise la r\u00e9servation en ligne ou r\u00e9serve maintenant par t\u00e9l\u00e9phone : +49 (0)30 695 988 80 R\u00e9server une table [...].<\/p>","protected":false},"author":5,"featured_media":10472,"parent":776,"menu_order":0,"comment_status":"closed","ping_status":"closed","template":"elementor_header_footer","meta":{"footnotes":""},"class_list":["post-966","page","type-page","status-publish","has-post-thumbnail","hentry","entry","has-media"],"yoast_head":"<!-- This site is optimized with the Yoast SEO Premium plugin v25.6 (Yoast SEO v26.7) - https:\/\/yoast.com\/wordpress\/plugins\/seo\/ -->\n<title>SPINDLER Restaurant Berlin - Brasserie Berlin-Kreuzberg - Reservierung<\/title>\n<meta name=\"description\" content=\"SPINDLER Restaurant Berlin - Restaurant Klassiker in Berlin Kreuzberg - Brasserie &amp; Grill - Beste marktfrische K\u00fcche - Reservierung\" \/>\n<meta name=\"robots\" content=\"index, follow, max-snippet:-1, max-image-preview:large, max-video-preview:-1\" \/>\n<link rel=\"canonical\" href=\"https:\/\/spindler-berlin.net\/fr\/spindler\/reservierung\/\" \/>\n<meta property=\"og:locale\" content=\"fr_FR\" \/>\n<meta property=\"og:type\" content=\"article\" \/>\n<meta property=\"og:title\" content=\"* Reservierung\" \/>\n<meta property=\"og:description\" content=\"SPINDLER Restaurant Berlin - Restaurant Klassiker in Berlin Kreuzberg - Brasserie &amp; Grill - Beste marktfrische K\u00fcche - Reservierung\" \/>\n<meta property=\"og:url\" content=\"https:\/\/spindler-berlin.net\/fr\/spindler\/reservierung\/\" \/>\n<meta property=\"og:site_name\" content=\"SPINDLER Restaurant Berlin\" \/>\n<meta property=\"article:publisher\" content=\"https:\/\/www.facebook.com\/spindler.berlin\" \/>\n<meta property=\"article:modified_time\" content=\"2025-11-09T11:22:54+00:00\" \/>\n<meta property=\"og:image\" content=\"https:\/\/spindler-berlin.net\/wp-content\/uploads\/2023\/06\/SPINDLER-logo-quadrat.jpg\" \/>\n\t<meta property=\"og:image:width\" content=\"500\" \/>\n\t<meta property=\"og:image:height\" content=\"500\" \/>\n\t<meta property=\"og:image:type\" content=\"image\/jpeg\" \/>\n<meta name=\"twitter:card\" content=\"summary_large_image\" \/>\n<meta name=\"twitter:label1\" content=\"Dur\u00e9e de lecture estim\u00e9e\" \/>\n\t<meta name=\"twitter:data1\" content=\"2 minutes\" \/>\n<script type=\"application\/ld+json\" class=\"yoast-schema-graph\">{\"@context\":\"https:\/\/schema.org\",\"@graph\":[{\"@type\":\"WebPage\",\"@id\":\"https:\/\/spindler-berlin.net\/spindler\/reservierung\/\",\"url\":\"https:\/\/spindler-berlin.net\/spindler\/reservierung\/\",\"name\":\"SPINDLER Restaurant Berlin - Brasserie Berlin-Kreuzberg - Reservierung\",\"isPartOf\":{\"@id\":\"https:\/\/spindler-berlin.net\/en\/#website\"},\"primaryImageOfPage\":{\"@id\":\"https:\/\/spindler-berlin.net\/spindler\/reservierung\/#primaryimage\"},\"image\":{\"@id\":\"https:\/\/spindler-berlin.net\/spindler\/reservierung\/#primaryimage\"},\"thumbnailUrl\":\"https:\/\/spindler-berlin.net\/wp-content\/uploads\/2023\/06\/SPINDLER-logo-quadrat.jpg\",\"datePublished\":\"2019-07-21T10:32:27+00:00\",\"dateModified\":\"2025-11-09T11:22:54+00:00\",\"description\":\"SPINDLER Restaurant Berlin - Restaurant Klassiker in Berlin Kreuzberg - Brasserie & Grill - Beste marktfrische K\u00fcche - Reservierung\",\"breadcrumb\":{\"@id\":\"https:\/\/spindler-berlin.net\/spindler\/reservierung\/#breadcrumb\"},\"inLanguage\":\"fr-FR\",\"potentialAction\":[{\"@type\":\"ReadAction\",\"target\":[\"https:\/\/spindler-berlin.net\/spindler\/reservierung\/\"]}]},{\"@type\":\"ImageObject\",\"inLanguage\":\"fr-FR\",\"@id\":\"https:\/\/spindler-berlin.net\/spindler\/reservierung\/#primaryimage\",\"url\":\"https:\/\/spindler-berlin.net\/wp-content\/uploads\/2023\/06\/SPINDLER-logo-quadrat.jpg\",\"contentUrl\":\"https:\/\/spindler-berlin.net\/wp-content\/uploads\/2023\/06\/SPINDLER-logo-quadrat.jpg\",\"width\":500,\"height\":500},{\"@type\":\"BreadcrumbList\",\"@id\":\"https:\/\/spindler-berlin.net\/spindler\/reservierung\/#breadcrumb\",\"itemListElement\":[{\"@type\":\"ListItem\",\"position\":1,\"name\":\"Startseite\",\"item\":\"https:\/\/spindler-berlin.net\/en\/\"},{\"@type\":\"ListItem\",\"position\":2,\"name\":\"* Startseite\",\"item\":\"https:\/\/spindler-berlin.net\/en\/\"},{\"@type\":\"ListItem\",\"position\":3,\"name\":\"* Reservierung\"}]},{\"@type\":\"WebSite\",\"@id\":\"https:\/\/spindler-berlin.net\/en\/#website\",\"url\":\"https:\/\/spindler-berlin.net\/en\/\",\"name\":\"SPINDLER Restaurant Berlin\",\"description\":\"\",\"publisher\":{\"@id\":\"https:\/\/spindler-berlin.net\/en\/#organization\"},\"potentialAction\":[{\"@type\":\"SearchAction\",\"target\":{\"@type\":\"EntryPoint\",\"urlTemplate\":\"https:\/\/spindler-berlin.net\/en\/?s={search_term_string}\"},\"query-input\":{\"@type\":\"PropertyValueSpecification\",\"valueRequired\":true,\"valueName\":\"search_term_string\"}}],\"inLanguage\":\"fr-FR\"},{\"@type\":\"Organization\",\"@id\":\"https:\/\/spindler-berlin.net\/en\/#organization\",\"name\":\"Spindler Restaurant Berlin\",\"url\":\"https:\/\/spindler-berlin.net\/en\/\",\"logo\":{\"@type\":\"ImageObject\",\"inLanguage\":\"fr-FR\",\"@id\":\"https:\/\/spindler-berlin.net\/en\/#\/schema\/logo\/image\/\",\"url\":\"https:\/\/spindler-berlin.net\/wp-content\/uploads\/2019\/07\/Logo_Spindler-2014_03_17_edit.png\",\"contentUrl\":\"https:\/\/spindler-berlin.net\/wp-content\/uploads\/2019\/07\/Logo_Spindler-2014_03_17_edit.png\",\"width\":536,\"height\":91,\"caption\":\"Spindler Restaurant Berlin\"},\"image\":{\"@id\":\"https:\/\/spindler-berlin.net\/en\/#\/schema\/logo\/image\/\"},\"sameAs\":[\"https:\/\/www.facebook.com\/spindler.berlin\",\"https:\/\/www.instagram.com\/spindler.berlin\/\"]}]}<\/script>\n<!-- \/ Yoast SEO Premium plugin. -->","yoast_head_json":{"title":"SPINDLER Restaurant Berlin - Brasserie Berlin-Kreuzberg - R\u00e9servation","description":"SPINDLER Restaurant Berlin - Restaurant Klassiker in Berlin Kreuzberg - Brasserie &amp; Grill - Meilleure cuisine du march\u00e9 - R\u00e9servation","robots":{"index":"index","follow":"follow","max-snippet":"max-snippet:-1","max-image-preview":"max-image-preview:large","max-video-preview":"max-video-preview:-1"},"canonical":"https:\/\/spindler-berlin.net\/fr\/spindler\/reservierung\/","og_locale":"fr_FR","og_type":"article","og_title":"* Reservierung","og_description":"SPINDLER Restaurant Berlin - Restaurant Klassiker in Berlin Kreuzberg - Brasserie & Grill - Beste marktfrische K\u00fcche - Reservierung","og_url":"https:\/\/spindler-berlin.net\/fr\/spindler\/reservierung\/","og_site_name":"SPINDLER Restaurant Berlin","article_publisher":"https:\/\/www.facebook.com\/spindler.berlin","article_modified_time":"2025-11-09T11:22:54+00:00","og_image":[{"width":500,"height":500,"url":"https:\/\/spindler-berlin.net\/wp-content\/uploads\/2023\/06\/SPINDLER-logo-quadrat.jpg","type":"image\/jpeg"}],"twitter_card":"summary_large_image","twitter_misc":{"Dur\u00e9e de lecture estim\u00e9e":"2 minutes"},"schema":{"@context":"https:\/\/schema.org","@graph":[{"@type":"WebPage","@id":"https:\/\/spindler-berlin.net\/spindler\/reservierung\/","url":"https:\/\/spindler-berlin.net\/spindler\/reservierung\/","name":"SPINDLER Restaurant Berlin - Brasserie Berlin-Kreuzberg - R\u00e9servation","isPartOf":{"@id":"https:\/\/spindler-berlin.net\/en\/#website"},"primaryImageOfPage":{"@id":"https:\/\/spindler-berlin.net\/spindler\/reservierung\/#primaryimage"},"image":{"@id":"https:\/\/spindler-berlin.net\/spindler\/reservierung\/#primaryimage"},"thumbnailUrl":"https:\/\/spindler-berlin.net\/wp-content\/uploads\/2023\/06\/SPINDLER-logo-quadrat.jpg","datePublished":"2019-07-21T10:32:27+00:00","dateModified":"2025-11-09T11:22:54+00:00","description":"SPINDLER Restaurant Berlin - Restaurant Klassiker in Berlin Kreuzberg - Brasserie &amp; Grill - Meilleure cuisine du march\u00e9 - R\u00e9servation","breadcrumb":{"@id":"https:\/\/spindler-berlin.net\/spindler\/reservierung\/#breadcrumb"},"inLanguage":"fr-FR","potentialAction":[{"@type":"ReadAction","target":["https:\/\/spindler-berlin.net\/spindler\/reservierung\/"]}]},{"@type":"ImageObject","inLanguage":"fr-FR","@id":"https:\/\/spindler-berlin.net\/spindler\/reservierung\/#primaryimage","url":"https:\/\/spindler-berlin.net\/wp-content\/uploads\/2023\/06\/SPINDLER-logo-quadrat.jpg","contentUrl":"https:\/\/spindler-berlin.net\/wp-content\/uploads\/2023\/06\/SPINDLER-logo-quadrat.jpg","width":500,"height":500},{"@type":"BreadcrumbList","@id":"https:\/\/spindler-berlin.net\/spindler\/reservierung\/#breadcrumb","itemListElement":[{"@type":"ListItem","position":1,"name":"Startseite","item":"https:\/\/spindler-berlin.net\/en\/"},{"@type":"ListItem","position":2,"name":"* Startseite","item":"https:\/\/spindler-berlin.net\/en\/"},{"@type":"ListItem","position":3,"name":"* Reservierung"}]},{"@type":"WebSite","@id":"https:\/\/spindler-berlin.net\/en\/#website","url":"https:\/\/spindler-berlin.net\/en\/","name":"SPINDLER Restaurant Berlin","description":"","publisher":{"@id":"https:\/\/spindler-berlin.net\/en\/#organization"},"potentialAction":[{"@type":"SearchAction","target":{"@type":"EntryPoint","urlTemplate":"https:\/\/spindler-berlin.net\/en\/?s={search_term_string}"},"query-input":{"@type":"PropertyValueSpecification","valueRequired":true,"valueName":"search_term_string"}}],"inLanguage":"fr-FR"},{"@type":"Organization","@id":"https:\/\/spindler-berlin.net\/en\/#organization","name":"Spindler Restaurant Berlin","url":"https:\/\/spindler-berlin.net\/en\/","logo":{"@type":"ImageObject","inLanguage":"fr-FR","@id":"https:\/\/spindler-berlin.net\/en\/#\/schema\/logo\/image\/","url":"https:\/\/spindler-berlin.net\/wp-content\/uploads\/2019\/07\/Logo_Spindler-2014_03_17_edit.png","contentUrl":"https:\/\/spindler-berlin.net\/wp-content\/uploads\/2019\/07\/Logo_Spindler-2014_03_17_edit.png","width":536,"height":91,"caption":"Spindler Restaurant Berlin"},"image":{"@id":"https:\/\/spindler-berlin.net\/en\/#\/schema\/logo\/image\/"},"sameAs":["https:\/\/www.facebook.com\/spindler.berlin","https:\/\/www.instagram.com\/spindler.berlin\/"]}]}},"jetpack_sharing_enabled":true,"_links":{"self":[{"href":"https:\/\/spindler-berlin.net\/fr\/wp-json\/wp\/v2\/pages\/966","targetHints":{"allow":["GET"]}}],"collection":[{"href":"https:\/\/spindler-berlin.net\/fr\/wp-json\/wp\/v2\/pages"}],"about":[{"href":"https:\/\/spindler-berlin.net\/fr\/wp-json\/wp\/v2\/types\/page"}],"author":[{"embeddable":true,"href":"https:\/\/spindler-berlin.net\/fr\/wp-json\/wp\/v2\/users\/5"}],"replies":[{"embeddable":true,"href":"https:\/\/spindler-berlin.net\/fr\/wp-json\/wp\/v2\/comments?post=966"}],"version-history":[{"count":20,"href":"https:\/\/spindler-berlin.net\/fr\/wp-json\/wp\/v2\/pages\/966\/revisions"}],"predecessor-version":[{"id":12662,"href":"https:\/\/spindler-berlin.net\/fr\/wp-json\/wp\/v2\/pages\/966\/revisions\/12662"}],"up":[{"embeddable":true,"href":"https:\/\/spindler-berlin.net\/fr\/wp-json\/wp\/v2\/pages\/776"}],"wp:featuredmedia":[{"embeddable":true,"href":"https:\/\/spindler-berlin.net\/fr\/wp-json\/wp\/v2\/media\/10472"}],"wp:attachment":[{"href":"https:\/\/spindler-berlin.net\/fr\/wp-json\/wp\/v2\/media?parent=966"}],"curies":[{"name":"wp","href":"https:\/\/api.w.org\/{rel}","templated":true}]}}